{"id":6428,"date":"2021-08-19T14:13:35","date_gmt":"2021-08-19T18:13:35","guid":{"rendered":"https:\/\/website.uceda.org\/?page_id=6428"},"modified":"2022-07-19T00:42:43","modified_gmt":"2022-07-19T04:42:43","slug":"6428-2","status":"publish","type":"page","link":"https:\/\/uceda.org\/pt-br\/6428-2\/","title":{"rendered":""},"content":{"rendered":"<p>[vc_row css=&#8221;.vc_custom_1621207227385{margin-top: 65px !important;margin-right: 0px !important;margin-bottom: 0px !important;margin-left: 0px !important;}&#8221;][vc_column][vc_single_image image=&#8221;63833&#8243; img_size=&#8221;full&#8221;][\/vc_column][vc_column width=&#8221;1\/6&#8243;][\/vc_column][vc_column width=&#8221;2\/3&#8243;][vc_custom_heading text=&#8221;Formul\u00e1rio De Registro&#8221; font_container=&#8221;tag:h2|font_size:55px|text_align:center|color:%23545454&#8243; google_fonts=&#8221;font_family:Raleway%3A100%2C200%2C300%2Cregular%2C500%2C600%2C700%2C800%2C900|font_style:700%20bold%20regular%3A700%3Anormal&#8221; css_animation=&#8221;bounceInDown&#8221;][\/vc_column][vc_column width=&#8221;1\/6&#8243;][\/vc_column][\/vc_row][vc_row content_placement=&#8221;middle&#8221; css=&#8221;.vc_custom_1621218450968{margin-top: 80px !important;margin-right: 0px !important;margin-bottom: 0px !important;margin-left: 0px !important;}&#8221;][vc_column width=&#8221;1\/6&#8243;][\/vc_column][vc_column width=&#8221;2\/3&#8243;]<div class=\"eltdf-iwt clearfix  eltdf-iwt-icon-left eltdf-iwt-icon-medium eltdf-iwt-position-text_center\">\n\t<div class=\"eltdf-iwt-icon\">\n\t\t\t\t\t\t\t\t\t    <span class=\"eltdf-icon-shortcode eltdf-normal   eltdf-icon-medium\"  >\n                    <i class=\"eltdf-icon-dripicons dripicon dripicons-view-list eltdf-icon-element\" style=\"\" ><\/i>            <\/span>\n\t\t\t\t\t\t<\/div>\n\t<div class=\"eltdf-iwt-content\" >\n\t\t\t\t\t<h4 class=\"eltdf-iwt-title\" >\n\t\t\t\t\t\t\t\t<span class=\"eltdf-iwt-title-text\">1. Regras<\/span>\n\t\t\t\t\t\t\t<\/h4>\n\t\t\t\t\t\t\t<p class=\"eltdf-iwt-text\" >Leia as regras a seguir para participar.<\/p>\n\t\t\t<\/div>\n<\/div>[vc_column_text]<strong>\u00c9 hora do seu talento brilhar!<\/strong><br \/>\n<strong>Regras da competi\u00e7\u00e3o:<\/strong><\/p>\n<ol>\n<li>Ser maior de 18 anos.<\/li>\n<li>Seja um aluno ativo ou ex-aluno da UCEDA, em qualquer um de seus programas.<\/li>\n<li>Se a inscri\u00e7\u00e3o for para um grupo, pelo menos um dos membros deve estudar ou ter estudado na UCEDA.<\/li>\n<li>As categorias dispon\u00edveis para audi\u00e7\u00f5es s\u00e3o dan\u00e7a, canto e performance de instrumento.<\/li>\n<li>Aplica-se a alunos presenciais e alunos do programa virtual.<\/li>\n<li>Os v\u00eddeos devem ser gravados na posi\u00e7\u00e3o horizontal.<\/li>\n<li>V\u00eddeos com baixa qualidade ou \u00e1udio distorcido ser\u00e3o desqualificados.<\/li>\n<li>A dura\u00e7\u00e3o m\u00e1xima do v\u00eddeo \u00e9 de 3 minutos.<\/li>\n<li>Os candidatos na categoria de canto podem enviar suas audi\u00e7\u00f5es a cappella ou com uma faixa.<\/li>\n<li>Os atos finalistas devem comparecer a pelo menos um dos ensaios programados, para se apresentarem na final.<\/li>\n<li>V\u00eddeos com m\u00fasicas ou apresenta\u00e7\u00f5es que incutam \u00f3dio, discrimina\u00e7\u00e3o ou viol\u00eancia n\u00e3o ser\u00e3o aceitos.<\/li>\n<li>Os primeiros colocados de vers\u00f5es anteriores n\u00e3o poder\u00e3o competir novamente.<\/li>\n<li>Para mais informa\u00e7\u00f5es pode visitar o nosso website www.uceda.org\/uceda-got-talent ou perguntar ao seu Gestor Escolar.<\/li>\n<li>Aproveite o evento e mostre porque voc\u00ea deve ser o vencedor do Uceda&#8217;s Got Talent 2022.<\/li>\n<\/ol>\n<p>[\/vc_column_text][\/vc_column][vc_column width=&#8221;1\/6&#8243;][\/vc_column][\/vc_row][vc_row][vc_column][vc_empty_space][\/vc_column][\/vc_row][vc_row][vc_column width=&#8221;1\/6&#8243;][\/vc_column][vc_column width=&#8221;2\/3&#8243;]<div class=\"eltdf-iwt clearfix  eltdf-iwt-icon-left eltdf-iwt-icon-medium eltdf-iwt-position-text_center\">\n\t<div class=\"eltdf-iwt-icon\">\n\t\t\t\t\t\t\t\t\t    <span class=\"eltdf-icon-shortcode eltdf-normal   eltdf-icon-medium\"  >\n                    <i class=\"eltdf-icon-dripicons dripicon dripicons-document eltdf-icon-element\" style=\"\" ><\/i>            <\/span>\n\t\t\t\t\t\t<\/div>\n\t<div class=\"eltdf-iwt-content\" >\n\t\t\t\t\t<h4 class=\"eltdf-iwt-title\" >\n\t\t\t\t\t\t\t\t<span class=\"eltdf-iwt-title-text\">2. Preencha este formul\u00e1rio e envie seu v\u00eddeo.<\/span>\n\t\t\t\t\t\t\t<\/h4>\n\t\t\t\t\t<\/div>\n<\/div>[vc_raw_html]JTVCZm9ybWlkYWJsZSUyMGlkJTNENCUyMHRpdGxlJTNEdHJ1ZSUyMGRlc2NyaXB0aW9uJTNEdHJ1ZSU1RA==[\/vc_raw_html][vc_empty_space height=&#8221;15px&#8221;][\/vc_column][vc_column width=&#8221;1\/6&#8243;][\/vc_column][\/vc_row][vc_row css=&#8221;.vc_custom_1621207227385{margin-top: 65px !important;margin-right: 0px !important;margin-bottom: 0px !important;margin-left: 0px !important;}&#8221;][vc_column width=&#8221;1\/6&#8243;][\/vc_column][vc_column width=&#8221;2\/3&#8243;][vc_custom_heading text=&#8221;Aprenda mais sobre Uceda&#8217;s Got Talent&#8221; font_container=&#8221;tag:h2|font_size:45px|text_align:center|color:%23545454&#8243; google_fonts=&#8221;font_family:Raleway%3A100%2C200%2C300%2Cregular%2C500%2C600%2C700%2C800%2C900|font_style:700%20bold%20regular%3A700%3Anormal&#8221; css_animation=&#8221;bounceInDown&#8221;][\/vc_column][vc_column width=&#8221;1\/6&#8243;][\/vc_column][\/vc_row][vc_row][vc_column width=&#8221;1\/6&#8243;][\/vc_column][vc_column width=&#8221;2\/3&#8243;]<div class=\"eltdf-elements-holder   eltdf-one-column  eltdf-responsive-mode-768 eltdf-one-column-alignment-center  \" ><div class=\"eltdf-eh-item   eltdf-horizontal-alignment-center  \"  data-item-class=\"eltdf-eh-custom-9398\" data-769-1024=\"0 0\" data-681-768=\"0 0\" data-680=\"40px 0 0 0\">\n\t<div class=\"eltdf-eh-item-inner\">\n\t\t<div class=\"eltdf-eh-item-content eltdf-eh-custom-9398\" >\n\t\t\t<div class=\"eltdf-video-button-holder  eltdf-vb-has-img\">\n\t<div class=\"eltdf-video-button-image\">\n\t\t<img fetchpriority=\"high\" decoding=\"async\" width=\"920\" height=\"307\" src=\"https:\/\/uceda.org\/wp-content\/uploads\/2021\/07\/mini-UGT2021.jpg\" class=\"attachment-full size-full\" alt=\"\" srcset=\"https:\/\/uceda.org\/wp-content\/uploads\/2021\/07\/mini-UGT2021.jpg 920w, https:\/\/uceda.org\/wp-content\/uploads\/2021\/07\/mini-UGT2021-300x100.jpg 300w, https:\/\/uceda.org\/wp-content\/uploads\/2021\/07\/mini-UGT2021-768x256.jpg 768w\" sizes=\"(max-width: 920px) 100vw, 920px\" \/>\t<\/div>\n\t\t\t<a class=\"eltdf-video-button-play-image eltdf-vb-has-hover-image\" href=\"https:\/\/www.youtube.com\/watch?v=mRcKfqKvNnI\" data-rel=\"prettyPhoto[video_button_pretty_photo_453]\">\n\t\t\t<span class=\"eltdf-video-button-play-inner\">\n\t\t\t\t<img decoding=\"async\" width=\"99\" height=\"99\" src=\"https:\/\/uceda.org\/wp-content\/uploads\/2021\/05\/play_video_uceda_02.png\" class=\"attachment-full size-full\" alt=\"\" \/>\t\t\t\t\t\t\t\t\t<img decoding=\"async\" width=\"97\" height=\"97\" src=\"https:\/\/uceda.org\/wp-content\/uploads\/2021\/05\/play_video_uceda_over_02.png\" class=\"attachment-full size-full\" alt=\"\" \/>\t\t\t\t\t\t\t<\/span>\n\t\t<\/a>\n\t<\/div>\t\t<\/div>\n\t<\/div>\n<\/div><\/div>[\/vc_column][vc_column width=&#8221;1\/6&#8243;][\/vc_column][\/vc_row][vc_row][vc_column][vc_empty_space height=&#8221;200px&#8221;][\/vc_column][\/vc_row]<\/p>\n","protected":false},"excerpt":{"rendered":"<p>[vc_row css=&#8221;.vc_custom_1621207227385{margin-top: 65px !important;margin-right: 0px !important;margin-bottom: 0px !important;margin-left: 0px !important;}&#8221;][vc_column][vc_single_image image=&#8221;63833&#8243; img_size=&#8221;full&#8221;][\/vc_column][vc_column width=&#8221;1\/6&#8243;][\/vc_column][vc_column width=&#8221;2\/3&#8243;][vc_custom_heading text=&#8221;Formul\u00e1rio De Registro&#8221; font_container=&#8221;tag:h2|font_size:55px|text_align:center|color:%23545454&#8243; google_fonts=&#8221;font_family:Raleway%3A100%2C200%2C300%2Cregular%2C500%2C600%2C700%2C800%2C900|font_style:700%20bold%20regular%3A700%3Anormal&#8221; css_animation=&#8221;bounceInDown&#8221;][\/vc_column][vc_column width=&#8221;1\/6&#8243;][\/vc_column][\/vc_row][vc_row content_placement=&#8221;middle&#8221; css=&#8221;.vc_custom_1621218450968{margin-top: 80px !important;margin-right: 0px !important;margin-bottom: 0px !important;margin-left: 0px !important;}&#8221;][vc_column width=&#8221;1\/6&#8243;][\/vc_column][vc_column width=&#8221;2\/3&#8243;][vc_column_text]\u00c9 hora do seu talento brilhar! Regras da competi\u00e7\u00e3o: Ser maior de 18 anos. Seja um aluno ativo ou ex-aluno da UCEDA, em qualquer [&hellip;]<\/p>\n","protected":false},"author":1,"featured_media":0,"parent":0,"menu_order":0,"comment_status":"closed","ping_status":"closed","template":"full-width.php","meta":{"_EventAllDay":false,"_EventTimezone":"","_EventStartDate":"","_EventEndDate":"","_EventStartDateUTC":"","_EventEndDateUTC":"","_EventShowMap":false,"_EventShowMapLink":false,"_EventURL":"","_EventCost":"","_EventCostDescription":"","_EventCurrencySymbol":"","_EventCurrencyCode":"","_EventCurrencyPosition":"","_EventDateTimeSeparator":"","_EventTimeRangeSeparator":"","_EventOrganizerID":[],"_EventVenueID":[],"_OrganizerEmail":"","_OrganizerPhone":"","_OrganizerWebsite":"","_VenueAddress":"","_VenueCity":"","_VenueCountry":"","_VenueProvince":"","_VenueState":"","_VenueZip":"","_VenuePhone":"","_VenueURL":"","_VenueStateProvince":"","_VenueLat":"","_VenueLng":"","_VenueShowMap":false,"_VenueShowMapLink":false,"footnotes":""},"class_list":["post-6428","page","type-page","status-publish","hentry"],"yoast_head":"<!-- This site is optimized with the Yoast SEO plugin v27.4 - https:\/\/yoast.com\/product\/yoast-seo-wordpress\/ -->\n<title>- UCEDA Institute<\/title>\n<meta name=\"robots\" content=\"index, follow, max-snippet:-1, max-image-preview:large, max-video-preview:-1\" \/>\n<link rel=\"canonical\" href=\"https:\/\/uceda.org\/pt-br\/6428-2\/\" \/>\n<meta property=\"og:locale\" content=\"pt_BR\" \/>\n<meta property=\"og:type\" content=\"article\" \/>\n<meta property=\"og:title\" content=\"- UCEDA Institute\" \/>\n<meta property=\"og:description\" content=\"[vc_row css=&#8221;.vc_custom_1621207227385{margin-top: 65px !important;margin-right: 0px !important;margin-bottom: 0px !important;margin-left: 0px !important;}&#8221;][vc_column][vc_single_image image=&#8221;63833&#8243; img_size=&#8221;full&#8221;][\/vc_column][vc_column width=&#8221;1\/6&#8243;][\/vc_column][vc_column width=&#8221;2\/3&#8243;][vc_custom_heading text=&#8221;Formul\u00e1rio De Registro&#8221; font_container=&#8221;tag:h2|font_size:55px|text_align:center|color:%23545454&#8243; google_fonts=&#8221;font_family:Raleway%3A100%2C200%2C300%2Cregular%2C500%2C600%2C700%2C800%2C900|font_style:700%20bold%20regular%3A700%3Anormal&#8221; css_animation=&#8221;bounceInDown&#8221;][\/vc_column][vc_column width=&#8221;1\/6&#8243;][\/vc_column][\/vc_row][vc_row content_placement=&#8221;middle&#8221; css=&#8221;.vc_custom_1621218450968{margin-top: 80px !important;margin-right: 0px !important;margin-bottom: 0px !important;margin-left: 0px !important;}&#8221;][vc_column width=&#8221;1\/6&#8243;][\/vc_column][vc_column width=&#8221;2\/3&#8243;][vc_column_text]\u00c9 hora do seu talento brilhar! Regras da competi\u00e7\u00e3o: Ser maior de 18 anos. Seja um aluno ativo ou ex-aluno da UCEDA, em qualquer [&hellip;]\" \/>\n<meta property=\"og:url\" content=\"https:\/\/uceda.org\/pt-br\/6428-2\/\" \/>\n<meta property=\"og:site_name\" content=\"UCEDA Institute\" \/>\n<meta property=\"article:publisher\" content=\"https:\/\/www.facebook.com\/ucedainstitute\/\" \/>\n<meta property=\"article:modified_time\" content=\"2022-07-19T04:42:43+00:00\" \/>\n<meta name=\"twitter:card\" content=\"summary_large_image\" \/>\n<meta name=\"twitter:label1\" content=\"Est. tempo de leitura\" \/>\n\t<meta name=\"twitter:data1\" content=\"2 minutos\" \/>\n<script type=\"application\/ld+json\" class=\"yoast-schema-graph\">{\"@context\":\"https:\\\/\\\/schema.org\",\"@graph\":[{\"@type\":\"WebPage\",\"@id\":\"https:\\\/\\\/uceda.org\\\/pt-br\\\/6428-2\\\/\",\"url\":\"https:\\\/\\\/uceda.org\\\/pt-br\\\/6428-2\\\/\",\"name\":\"- UCEDA Institute\",\"isPartOf\":{\"@id\":\"https:\\\/\\\/uceda.org\\\/#website\"},\"datePublished\":\"2021-08-19T18:13:35+00:00\",\"dateModified\":\"2022-07-19T04:42:43+00:00\",\"inLanguage\":\"pt-BR\",\"potentialAction\":[{\"@type\":\"ReadAction\",\"target\":[\"https:\\\/\\\/uceda.org\\\/pt-br\\\/6428-2\\\/\"]}]},{\"@type\":\"WebSite\",\"@id\":\"https:\\\/\\\/uceda.org\\\/#website\",\"url\":\"https:\\\/\\\/uceda.org\\\/\",\"name\":\"UCEDA Institute\",\"description\":\"Aprende Ingl\u00e9s\",\"publisher\":{\"@id\":\"https:\\\/\\\/uceda.org\\\/#organization\"},\"potentialAction\":[{\"@type\":\"SearchAction\",\"target\":{\"@type\":\"EntryPoint\",\"urlTemplate\":\"https:\\\/\\\/uceda.org\\\/?s={search_term_string}\"},\"query-input\":{\"@type\":\"PropertyValueSpecification\",\"valueRequired\":true,\"valueName\":\"search_term_string\"}}],\"inLanguage\":\"pt-BR\"},{\"@type\":\"Organization\",\"@id\":\"https:\\\/\\\/uceda.org\\\/#organization\",\"name\":\"Uceda Institute\",\"url\":\"https:\\\/\\\/uceda.org\\\/\",\"logo\":{\"@type\":\"ImageObject\",\"inLanguage\":\"pt-BR\",\"@id\":\"https:\\\/\\\/uceda.org\\\/#\\\/schema\\\/logo\\\/image\\\/\",\"url\":\"https:\\\/\\\/uceda.org\\\/wp-content\\\/uploads\\\/2021\\\/08\\\/big-logo-scaled.jpg\",\"contentUrl\":\"https:\\\/\\\/uceda.org\\\/wp-content\\\/uploads\\\/2021\\\/08\\\/big-logo-scaled.jpg\",\"width\":2560,\"height\":803,\"caption\":\"Uceda Institute\"},\"image\":{\"@id\":\"https:\\\/\\\/uceda.org\\\/#\\\/schema\\\/logo\\\/image\\\/\"},\"sameAs\":[\"https:\\\/\\\/www.facebook.com\\\/ucedainstitute\\\/\",\"https:\\\/\\\/www.instagram.com\\\/ucedaonline\\\/?hl=en\"]}]}<\/script>\n<!-- \/ Yoast SEO plugin. -->","yoast_head_json":{"title":"- UCEDA Institute","robots":{"index":"index","follow":"follow","max-snippet":"max-snippet:-1","max-image-preview":"max-image-preview:large","max-video-preview":"max-video-preview:-1"},"canonical":"https:\/\/uceda.org\/pt-br\/6428-2\/","og_locale":"pt_BR","og_type":"article","og_title":"- UCEDA Institute","og_description":"[vc_row css=&#8221;.vc_custom_1621207227385{margin-top: 65px !important;margin-right: 0px !important;margin-bottom: 0px !important;margin-left: 0px !important;}&#8221;][vc_column][vc_single_image image=&#8221;63833&#8243; img_size=&#8221;full&#8221;][\/vc_column][vc_column width=&#8221;1\/6&#8243;][\/vc_column][vc_column width=&#8221;2\/3&#8243;][vc_custom_heading text=&#8221;Formul\u00e1rio De Registro&#8221; font_container=&#8221;tag:h2|font_size:55px|text_align:center|color:%23545454&#8243; google_fonts=&#8221;font_family:Raleway%3A100%2C200%2C300%2Cregular%2C500%2C600%2C700%2C800%2C900|font_style:700%20bold%20regular%3A700%3Anormal&#8221; css_animation=&#8221;bounceInDown&#8221;][\/vc_column][vc_column width=&#8221;1\/6&#8243;][\/vc_column][\/vc_row][vc_row content_placement=&#8221;middle&#8221; css=&#8221;.vc_custom_1621218450968{margin-top: 80px !important;margin-right: 0px !important;margin-bottom: 0px !important;margin-left: 0px !important;}&#8221;][vc_column width=&#8221;1\/6&#8243;][\/vc_column][vc_column width=&#8221;2\/3&#8243;][vc_column_text]\u00c9 hora do seu talento brilhar! Regras da competi\u00e7\u00e3o: Ser maior de 18 anos. Seja um aluno ativo ou ex-aluno da UCEDA, em qualquer [&hellip;]","og_url":"https:\/\/uceda.org\/pt-br\/6428-2\/","og_site_name":"UCEDA Institute","article_publisher":"https:\/\/www.facebook.com\/ucedainstitute\/","article_modified_time":"2022-07-19T04:42:43+00:00","twitter_card":"summary_large_image","twitter_misc":{"Est. tempo de leitura":"2 minutos"},"schema":{"@context":"https:\/\/schema.org","@graph":[{"@type":"WebPage","@id":"https:\/\/uceda.org\/pt-br\/6428-2\/","url":"https:\/\/uceda.org\/pt-br\/6428-2\/","name":"- UCEDA Institute","isPartOf":{"@id":"https:\/\/uceda.org\/#website"},"datePublished":"2021-08-19T18:13:35+00:00","dateModified":"2022-07-19T04:42:43+00:00","inLanguage":"pt-BR","potentialAction":[{"@type":"ReadAction","target":["https:\/\/uceda.org\/pt-br\/6428-2\/"]}]},{"@type":"WebSite","@id":"https:\/\/uceda.org\/#website","url":"https:\/\/uceda.org\/","name":"UCEDA Institute","description":"Aprende Ingl\u00e9s","publisher":{"@id":"https:\/\/uceda.org\/#organization"},"potentialAction":[{"@type":"SearchAction","target":{"@type":"EntryPoint","urlTemplate":"https:\/\/uceda.org\/?s={search_term_string}"},"query-input":{"@type":"PropertyValueSpecification","valueRequired":true,"valueName":"search_term_string"}}],"inLanguage":"pt-BR"},{"@type":"Organization","@id":"https:\/\/uceda.org\/#organization","name":"Uceda Institute","url":"https:\/\/uceda.org\/","logo":{"@type":"ImageObject","inLanguage":"pt-BR","@id":"https:\/\/uceda.org\/#\/schema\/logo\/image\/","url":"https:\/\/uceda.org\/wp-content\/uploads\/2021\/08\/big-logo-scaled.jpg","contentUrl":"https:\/\/uceda.org\/wp-content\/uploads\/2021\/08\/big-logo-scaled.jpg","width":2560,"height":803,"caption":"Uceda Institute"},"image":{"@id":"https:\/\/uceda.org\/#\/schema\/logo\/image\/"},"sameAs":["https:\/\/www.facebook.com\/ucedainstitute\/","https:\/\/www.instagram.com\/ucedaonline\/?hl=en"]}]}},"_links":{"self":[{"href":"https:\/\/uceda.org\/pt-br\/wp-json\/wp\/v2\/pages\/6428","targetHints":{"allow":["GET"]}}],"collection":[{"href":"https:\/\/uceda.org\/pt-br\/wp-json\/wp\/v2\/pages"}],"about":[{"href":"https:\/\/uceda.org\/pt-br\/wp-json\/wp\/v2\/types\/page"}],"author":[{"embeddable":true,"href":"https:\/\/uceda.org\/pt-br\/wp-json\/wp\/v2\/users\/1"}],"replies":[{"embeddable":true,"href":"https:\/\/uceda.org\/pt-br\/wp-json\/wp\/v2\/comments?post=6428"}],"version-history":[{"count":5,"href":"https:\/\/uceda.org\/pt-br\/wp-json\/wp\/v2\/pages\/6428\/revisions"}],"predecessor-version":[{"id":64762,"href":"https:\/\/uceda.org\/pt-br\/wp-json\/wp\/v2\/pages\/6428\/revisions\/64762"}],"wp:attachment":[{"href":"https:\/\/uceda.org\/pt-br\/wp-json\/wp\/v2\/media?parent=6428"}],"curies":[{"name":"wp","href":"https:\/\/api.w.org\/{rel}","templated":true}]}}