{"id":4750,"date":"2021-05-30T11:53:36","date_gmt":"2021-05-30T16:53:36","guid":{"rendered":"https:\/\/website.uceda.org\/espanol\/"},"modified":"2022-02-02T17:34:57","modified_gmt":"2022-02-02T22:34:57","slug":"espanol","status":"publish","type":"page","link":"https:\/\/uceda.org\/pt-br\/espanol\/","title":{"rendered":"Espanhol"},"content":{"rendered":"<p>[vc_row content_placement=&#8221;middle&#8221; row_content_width=&#8221;grid&#8221; css=&#8221;.vc_custom_1626570790422{margin-top: 130px !important;margin-bottom: 250px !important;}&#8221; parallax_background_image=&#8221;3642&#8243;][vc_column][vc_custom_heading text=&#8221;Espanhol&#8221; font_container=&#8221;tag:h2|font_size:65px|text_align:left|color:%23ffffff|line_height:55px&#8221; google_fonts=&#8221;font_family:Raleway%3A100%2C200%2C300%2Cregular%2C500%2C600%2C700%2C800%2C900|font_style:800%20bold%20regular%3A800%3Anormal&#8221;][vc_single_image image=&#8221;4484&#8243;][\/vc_column][\/vc_row][vc_row row_content_width=&#8221;grid&#8221; css=&#8221;.vc_custom_1622381038429{padding-top: 50px !important;padding-right: 8px !important;padding-bottom: 50px !important;padding-left: 8px !important;}&#8221;][vc_column]<div class=\"eltdf-elements-holder   eltdf-two-columns  eltdf-responsive-mode-1024   \" ><div class=\"eltdf-eh-item     \"  data-item-class=\"eltdf-eh-custom-8240\" data-1367-1600=\"24% 12% 27.4% 20%\" data-1025-1366=\"20% 60px 25% 50px\" data-769-1024=\"20% 70px 25% 75px\" data-681-768=\"20% 70px 25% 75px\" data-680=\"60px 11px 90px 22px\">\n\t<div class=\"eltdf-eh-item-inner\">\n\t\t<div class=\"eltdf-eh-item-content eltdf-eh-custom-8240\" style=\"padding: 24% 24% 27.4% 12%\">\n\t\t\t[vc_column_text css=&#8221;.vc_custom_1623608146424{margin-top: 40px !important;margin-bottom: 0px !important;}&#8221;]<\/p>\n<p style=\"text-align: justify;\"><span style=\"font-weight: 400;\">Nosso Programa \u00e9 voltado para residentes nos Estados Unidos que desejam aprender a se comunicar oralmente e por escrito em espanhol.Temos professores latino-americanos. <\/span><\/p>\n<p style=\"text-align: justify;\"><span style=\"font-weight: 400;\">As aulas de espanhol no Instituto UCEDA s\u00e3o ajustadas aos seus tempos e necessidades, para que voc\u00ea possa escolher entre nossa modalidade de aulas virtuais ao vivo ou presencial na sede mais pr\u00f3xima.<\/span><\/p>\n<p>[\/vc_column_text]\t\t<\/div>\n\t<\/div>\n<\/div><div class=\"eltdf-eh-item     eltdf-background-arrow-left\" style=\"border-color: #fadc9a;background-color: #fadc9a\" data-item-class=\"eltdf-eh-custom-7894\" data-1025-1366=\"2px 63px 0\" data-769-1024=\"90px 65px 85px 70px\" data-681-768=\"90px 65px 85px 70px\" data-680=\"5px 20px 10px 20px\">\n\t<div class=\"eltdf-eh-item-inner\">\n\t\t<div class=\"eltdf-eh-item-content eltdf-eh-custom-7894\" style=\"padding: 5px 65px 0 70px\">\n\t\t\t[vc_custom_heading text=&#8221;comece seu<br \/>\naprendizado<br \/>\naqui!&#8221; font_container=&#8221;tag:h2|font_size:30px|text_align:left|color:%23ffffff&#8221; google_fonts=&#8221;font_family:Raleway%3A100%2C200%2C300%2Cregular%2C500%2C600%2C700%2C800%2C900|font_style:700%20bold%20regular%3A700%3Anormal&#8221;][vc_empty_space height=&#8221;25px&#8221;]\n<div class=\"wpcf7 no-js\" id=\"wpcf7-f39877-o1\" lang=\"pt-BR\" dir=\"ltr\" data-wpcf7-id=\"39877\">\n<div class=\"screen-reader-response\"><p role=\"status\" aria-live=\"polite\" aria-atomic=\"true\"><\/p> <ul><\/ul><\/div>\n<form action=\"\/pt-br\/wp-json\/wp\/v2\/pages\/4750#wpcf7-f39877-o1\" method=\"post\" class=\"wpcf7-form init\" aria-label=\"Formul\u00e1rios de contato\" novalidate=\"novalidate\" data-status=\"init\">\n<fieldset class=\"hidden-fields-container\"><input type=\"hidden\" name=\"_wpcf7\" value=\"39877\" \/><input type=\"hidden\" name=\"_wpcf7_version\" value=\"6.1.1\" \/><input type=\"hidden\" name=\"_wpcf7_locale\" value=\"pt_BR\" \/><input type=\"hidden\" name=\"_wpcf7_unit_tag\" value=\"wpcf7-f39877-o1\" \/><input type=\"hidden\" name=\"_wpcf7_container_post\" value=\"0\" \/><input type=\"hidden\" name=\"_wpcf7_posted_data_hash\" value=\"\" \/><input type=\"hidden\" name=\"_wpcf7_recaptcha_response\" value=\"\" \/>\n<\/fieldset>\n<div class=\"eltdf-contact-form-7-widget\">\n\t<p><span class=\"wpcf7-form-control-wrap\" data-name=\"your-name\"><input size=\"40\" maxlength=\"400\" class=\"wpcf7-form-control wpcf7-text wpcf7-validates-as-required\" aria-required=\"true\" aria-invalid=\"false\" placeholder=\"Nome\" value=\"\" type=\"text\" name=\"your-name\" \/><\/span><br \/>\n<span class=\"wpcf7-form-control-wrap\" data-name=\"your-email\"><input size=\"40\" maxlength=\"400\" class=\"wpcf7-form-control wpcf7-email wpcf7-validates-as-required wpcf7-text wpcf7-validates-as-email\" aria-required=\"true\" aria-invalid=\"false\" placeholder=\"Email\" value=\"\" type=\"email\" name=\"your-email\" \/><\/span><br \/>\n<span class=\"wpcf7-form-control-wrap\" data-name=\"your-tel\"><input size=\"40\" maxlength=\"400\" class=\"wpcf7-form-control wpcf7-tel wpcf7-validates-as-required wpcf7-text wpcf7-validates-as-tel\" aria-required=\"true\" aria-invalid=\"false\" placeholder=\"Celular\" value=\"\" type=\"tel\" name=\"your-tel\" \/><\/span><br \/>\n<span class=\"wpcf7-form-control-wrap\" data-name=\"estado\"><input size=\"40\" maxlength=\"400\" class=\"wpcf7-form-control wpcf7-text wpcf7-validates-as-required\" aria-required=\"true\" aria-invalid=\"false\" placeholder=\"Cidade \/ Pa\u00eds onde voc\u00ea mora\" value=\"\" type=\"text\" name=\"estado\" \/><\/span><br \/>\n<span class=\"wpcf7-form-control-wrap\" data-name=\"zipcode\"><input size=\"40\" maxlength=\"400\" class=\"wpcf7-form-control wpcf7-text\" aria-invalid=\"false\" placeholder=\"CEP (zipcode)\" value=\"\" type=\"text\" name=\"zipcode\" \/><\/span><br \/>\n<span class=\"wpcf7-form-control-wrap\" data-name=\"formato\"><select class=\"wpcf7-form-control wpcf7-select wpcf7-validates-as-required\" aria-required=\"true\" aria-invalid=\"false\" name=\"formato\"><option value=\"Clique aqui para escolher como voc\u00ea gostaria de estudar?\">Clique aqui para escolher como voc\u00ea gostaria de estudar?<\/option><option value=\"Presencial\">Presencial<\/option><option value=\"Virtual\">Virtual<\/option><\/select><\/span><br \/>\n<span class=\"wpcf7-form-control-wrap\" data-name=\"formato1\"><select class=\"wpcf7-form-control wpcf7-select wpcf7-validates-as-required\" aria-required=\"true\" aria-invalid=\"false\" name=\"formato1\"><option value=\"Espanhol\">Espanhol<\/option><\/select><\/span><br \/>\n<input class=\"wpcf7-form-control wpcf7-submit has-spinner\" type=\"submit\" value=\"Inscr\u00edbete ahora\" \/>\n\t<\/p>\n<\/div><p style=\"display: none !important;\" class=\"akismet-fields-container\" data-prefix=\"_wpcf7_ak_\"><label>&#916;<textarea name=\"_wpcf7_ak_hp_textarea\" cols=\"45\" rows=\"8\" maxlength=\"100\"><\/textarea><\/label><input type=\"hidden\" id=\"ak_js_1\" name=\"_wpcf7_ak_js\" value=\"180\"\/><script>document.getElementById( \"ak_js_1\" ).setAttribute( \"value\", ( new Date() ).getTime() );<\/script><\/p><div class=\"wpcf7-response-output\" aria-hidden=\"true\"><\/div>\n<\/form>\n<\/div>\n\t\t<\/div>\n\t<\/div>\n<\/div><\/div>[\/vc_column][\/vc_row][vc_row disable_element=&#8221;yes&#8221; css=&#8221;.vc_custom_1626572588476{margin-top: 65px !important;margin-right: 0px !important;margin-bottom: 0px !important;margin-left: 0px !important;}&#8221;][vc_column width=&#8221;1\/6&#8243;][\/vc_column][vc_column width=&#8221;2\/3&#8243;][vc_custom_heading text=&#8221;Aprenda mais sobre n\u00f3s&#8221; font_container=&#8221;tag:h2|font_size:45px|text_align:center|color:%23545454&#8243; google_fonts=&#8221;font_family:Raleway%3A100%2C200%2C300%2Cregular%2C500%2C600%2C700%2C800%2C900|font_style:700%20bold%20regular%3A700%3Anormal&#8221; css_animation=&#8221;bounceInDown&#8221;][\/vc_column][vc_column width=&#8221;1\/6&#8243;][\/vc_column][\/vc_row][vc_row content_placement=&#8221;middle&#8221; disable_element=&#8221;yes&#8221; css=&#8221;.vc_custom_1626572573685{margin-top: 80px !important;margin-right: 0px !important;margin-bottom: 0px !important;margin-left: 0px !important;}&#8221;][vc_column]<div class=\"eltdf-elements-holder   eltdf-one-column  eltdf-responsive-mode-768 eltdf-one-column-alignment-center  \" ><div class=\"eltdf-eh-item   eltdf-horizontal-alignment-center  \"  data-item-class=\"eltdf-eh-custom-8751\" data-769-1024=\"0 0\" data-681-768=\"0 0\" data-680=\"40px 0 0 0\">\n\t<div class=\"eltdf-eh-item-inner\">\n\t\t<div class=\"eltdf-eh-item-content eltdf-eh-custom-8751\" >\n\t\t\t<div class=\"eltdf-video-button-holder  eltdf-vb-has-img\">\n\t<div class=\"eltdf-video-button-image\">\n\t\t<img fetchpriority=\"high\" decoding=\"async\" width=\"920\" height=\"307\" src=\"https:\/\/uceda.org\/wp-content\/uploads\/2021\/05\/video_UCEDA_espanol.jpg\" class=\"attachment-full size-full\" alt=\"\" srcset=\"https:\/\/uceda.org\/wp-content\/uploads\/2021\/05\/video_UCEDA_espanol.jpg 920w, https:\/\/uceda.org\/wp-content\/uploads\/2021\/05\/video_UCEDA_espanol-300x100.jpg 300w, https:\/\/uceda.org\/wp-content\/uploads\/2021\/05\/video_UCEDA_espanol-768x256.jpg 768w, https:\/\/uceda.org\/wp-content\/uploads\/2021\/05\/video_UCEDA_espanol-600x200.jpg 600w\" sizes=\"(max-width: 920px) 100vw, 920px\" \/>\t<\/div>\n\t\t\t<a class=\"eltdf-video-button-play-image eltdf-vb-has-hover-image\" href=\"https:\/\/www.youtube.com\/watch?v=pPv_pyi2LzY&#038;t=8s\" data-rel=\"prettyPhoto[video_button_pretty_photo_419]\">\n\t\t\t<span class=\"eltdf-video-button-play-inner\">\n\t\t\t\t<img decoding=\"async\" width=\"99\" height=\"99\" src=\"https:\/\/uceda.org\/wp-content\/uploads\/2021\/05\/play_video_uceda_02.png\" class=\"attachment-full size-full\" alt=\"\" \/>\t\t\t\t\t\t\t\t\t<img decoding=\"async\" width=\"97\" height=\"97\" src=\"https:\/\/uceda.org\/wp-content\/uploads\/2021\/05\/play_video_uceda_over_02.png\" class=\"attachment-full size-full\" alt=\"\" \/>\t\t\t\t\t\t\t<\/span>\n\t\t<\/a>\n\t<\/div>\t\t<\/div>\n\t<\/div>\n<\/div><\/div>[vc_empty_space height=&#8221;62px&#8221;][\/vc_column][\/vc_row][vc_row][vc_column][vc_empty_space height=&#8221;62px&#8221;][\/vc_column][\/vc_row]<\/p>\n","protected":false},"excerpt":{"rendered":"<p>[vc_row content_placement=&#8221;middle&#8221; row_content_width=&#8221;grid&#8221; css=&#8221;.vc_custom_1626570790422{margin-top: 130px !important;margin-bottom: 250px !important;}&#8221; parallax_background_image=&#8221;3642&#8243;][vc_column][vc_custom_heading text=&#8221;Espanhol&#8221; font_container=&#8221;tag:h2|font_size:65px|text_align:left|color:%23ffffff|line_height:55px&#8221; google_fonts=&#8221;font_family:Raleway%3A100%2C200%2C300%2Cregular%2C500%2C600%2C700%2C800%2C900|font_style:800%20bold%20regular%3A800%3Anormal&#8221;][vc_single_image image=&#8221;4484&#8243;][\/vc_column][\/vc_row][vc_row row_content_width=&#8221;grid&#8221; css=&#8221;.vc_custom_1622381038429{padding-top: 50px !important;padding-right: 8px !important;padding-bottom: 50px !important;padding-left: 8px !important;}&#8221;][vc_column][\/vc_column][\/vc_row][vc_row disable_element=&#8221;yes&#8221; css=&#8221;.vc_custom_1626572588476{margin-top: 65px !important;margin-right: 0px !important;margin-bottom: 0px !important;margin-left: 0px !important;}&#8221;][vc_column width=&#8221;1\/6&#8243;][\/vc_column][vc_column width=&#8221;2\/3&#8243;][vc_custom_heading text=&#8221;Aprenda mais sobre n\u00f3s&#8221; font_container=&#8221;tag:h2|font_size:45px|text_align:center|color:%23545454&#8243; google_fonts=&#8221;font_family:Raleway%3A100%2C200%2C300%2Cregular%2C500%2C600%2C700%2C800%2C900|font_style:700%20bold%20regular%3A700%3Anormal&#8221; css_animation=&#8221;bounceInDown&#8221;][\/vc_column][vc_column width=&#8221;1\/6&#8243;][\/vc_column][\/vc_row][vc_row content_placement=&#8221;middle&#8221; disable_element=&#8221;yes&#8221; css=&#8221;.vc_custom_1626572573685{margin-top: 80px !important;margin-right: 0px !important;margin-bottom: 0px !important;margin-left: 0px !important;}&#8221;][vc_column][vc_empty_space height=&#8221;62px&#8221;][\/vc_column][\/vc_row][vc_row][vc_column][vc_empty_space height=&#8221;62px&#8221;][\/vc_column][\/vc_row]<\/p>\n","protected":false},"author":1,"featured_media":0,"parent":0,"menu_order":0,"comment_status":"closed","ping_status":"closed","template":"full-width.php","meta":{"_EventAllDay":false,"_EventTimezone":"","_EventStartDate":"","_EventEndDate":"","_EventStartDateUTC":"","_EventEndDateUTC":"","_EventShowMap":false,"_EventShowMapLink":false,"_EventURL":"","_EventCost":"","_EventCostDescription":"","_EventCurrencySymbol":"","_EventCurrencyCode":"","_EventCurrencyPosition":"","_EventDateTimeSeparator":"","_EventTimeRangeSeparator":"","_EventOrganizerID":[],"_EventVenueID":[],"_OrganizerEmail":"","_OrganizerPhone":"","_OrganizerWebsite":"","_VenueAddress":"","_VenueCity":"","_VenueCountry":"","_VenueProvince":"","_VenueState":"","_VenueZip":"","_VenuePhone":"","_VenueURL":"","_VenueStateProvince":"","_VenueLat":"","_VenueLng":"","_VenueShowMap":false,"_VenueShowMapLink":false,"footnotes":""},"class_list":["post-4750","page","type-page","status-publish","hentry"],"yoast_head":"<!-- This site is optimized with the Yoast SEO plugin v27.4 - https:\/\/yoast.com\/product\/yoast-seo-wordpress\/ -->\n<title>Espanhol - UCEDA Institute<\/title>\n<meta name=\"robots\" content=\"index, follow, max-snippet:-1, max-image-preview:large, max-video-preview:-1\" \/>\n<link rel=\"canonical\" href=\"https:\/\/uceda.org\/pt-br\/espanol\/\" \/>\n<meta property=\"og:locale\" content=\"pt_BR\" \/>\n<meta property=\"og:type\" content=\"article\" \/>\n<meta property=\"og:title\" content=\"Espanhol - UCEDA Institute\" \/>\n<meta property=\"og:description\" content=\"[vc_row content_placement=&#8221;middle&#8221; row_content_width=&#8221;grid&#8221; css=&#8221;.vc_custom_1626570790422{margin-top: 130px !important;margin-bottom: 250px !important;}&#8221; parallax_background_image=&#8221;3642&#8243;][vc_column][vc_custom_heading text=&#8221;Espanhol&#8221; font_container=&#8221;tag:h2|font_size:65px|text_align:left|color:%23ffffff|line_height:55px&#8221; google_fonts=&#8221;font_family:Raleway%3A100%2C200%2C300%2Cregular%2C500%2C600%2C700%2C800%2C900|font_style:800%20bold%20regular%3A800%3Anormal&#8221;][vc_single_image image=&#8221;4484&#8243;][\/vc_column][\/vc_row][vc_row row_content_width=&#8221;grid&#8221; css=&#8221;.vc_custom_1622381038429{padding-top: 50px !important;padding-right: 8px !important;padding-bottom: 50px !important;padding-left: 8px !important;}&#8221;][vc_column][\/vc_column][\/vc_row][vc_row disable_element=&#8221;yes&#8221; css=&#8221;.vc_custom_1626572588476{margin-top: 65px !important;margin-right: 0px !important;margin-bottom: 0px !important;margin-left: 0px !important;}&#8221;][vc_column width=&#8221;1\/6&#8243;][\/vc_column][vc_column width=&#8221;2\/3&#8243;][vc_custom_heading text=&#8221;Aprenda mais sobre n\u00f3s&#8221; font_container=&#8221;tag:h2|font_size:45px|text_align:center|color:%23545454&#8243; google_fonts=&#8221;font_family:Raleway%3A100%2C200%2C300%2Cregular%2C500%2C600%2C700%2C800%2C900|font_style:700%20bold%20regular%3A700%3Anormal&#8221; css_animation=&#8221;bounceInDown&#8221;][\/vc_column][vc_column width=&#8221;1\/6&#8243;][\/vc_column][\/vc_row][vc_row content_placement=&#8221;middle&#8221; disable_element=&#8221;yes&#8221; css=&#8221;.vc_custom_1626572573685{margin-top: 80px !important;margin-right: 0px !important;margin-bottom: 0px !important;margin-left: 0px !important;}&#8221;][vc_column][vc_empty_space height=&#8221;62px&#8221;][\/vc_column][\/vc_row][vc_row][vc_column][vc_empty_space height=&#8221;62px&#8221;][\/vc_column][\/vc_row]\" \/>\n<meta property=\"og:url\" content=\"https:\/\/uceda.org\/pt-br\/espanol\/\" \/>\n<meta property=\"og:site_name\" content=\"UCEDA Institute\" \/>\n<meta property=\"article:publisher\" content=\"https:\/\/www.facebook.com\/ucedainstitute\/\" \/>\n<meta property=\"article:modified_time\" content=\"2022-02-02T22:34:57+00:00\" \/>\n<meta name=\"twitter:card\" content=\"summary_large_image\" \/>\n<meta name=\"twitter:label1\" content=\"Est. tempo de leitura\" \/>\n\t<meta name=\"twitter:data1\" content=\"3 minutos\" \/>\n<script type=\"application\/ld+json\" class=\"yoast-schema-graph\">{\"@context\":\"https:\\\/\\\/schema.org\",\"@graph\":[{\"@type\":\"WebPage\",\"@id\":\"https:\\\/\\\/uceda.org\\\/pt-br\\\/espanol\\\/\",\"url\":\"https:\\\/\\\/uceda.org\\\/pt-br\\\/espanol\\\/\",\"name\":\"Espanhol - UCEDA Institute\",\"isPartOf\":{\"@id\":\"https:\\\/\\\/uceda.org\\\/#website\"},\"datePublished\":\"2021-05-30T16:53:36+00:00\",\"dateModified\":\"2022-02-02T22:34:57+00:00\",\"breadcrumb\":{\"@id\":\"https:\\\/\\\/uceda.org\\\/pt-br\\\/espanol\\\/#breadcrumb\"},\"inLanguage\":\"pt-BR\",\"potentialAction\":[{\"@type\":\"ReadAction\",\"target\":[\"https:\\\/\\\/uceda.org\\\/pt-br\\\/espanol\\\/\"]}]},{\"@type\":\"BreadcrumbList\",\"@id\":\"https:\\\/\\\/uceda.org\\\/pt-br\\\/espanol\\\/#breadcrumb\",\"itemListElement\":[{\"@type\":\"ListItem\",\"position\":1,\"name\":\"Home\",\"item\":\"https:\\\/\\\/uceda.org\\\/pt-br\\\/\"},{\"@type\":\"ListItem\",\"position\":2,\"name\":\"Espanhol\"}]},{\"@type\":\"WebSite\",\"@id\":\"https:\\\/\\\/uceda.org\\\/#website\",\"url\":\"https:\\\/\\\/uceda.org\\\/\",\"name\":\"UCEDA Institute\",\"description\":\"Aprende Ingl\u00e9s\",\"publisher\":{\"@id\":\"https:\\\/\\\/uceda.org\\\/#organization\"},\"potentialAction\":[{\"@type\":\"SearchAction\",\"target\":{\"@type\":\"EntryPoint\",\"urlTemplate\":\"https:\\\/\\\/uceda.org\\\/?s={search_term_string}\"},\"query-input\":{\"@type\":\"PropertyValueSpecification\",\"valueRequired\":true,\"valueName\":\"search_term_string\"}}],\"inLanguage\":\"pt-BR\"},{\"@type\":\"Organization\",\"@id\":\"https:\\\/\\\/uceda.org\\\/#organization\",\"name\":\"Uceda Institute\",\"url\":\"https:\\\/\\\/uceda.org\\\/\",\"logo\":{\"@type\":\"ImageObject\",\"inLanguage\":\"pt-BR\",\"@id\":\"https:\\\/\\\/uceda.org\\\/#\\\/schema\\\/logo\\\/image\\\/\",\"url\":\"https:\\\/\\\/uceda.org\\\/wp-content\\\/uploads\\\/2021\\\/08\\\/big-logo-scaled.jpg\",\"contentUrl\":\"https:\\\/\\\/uceda.org\\\/wp-content\\\/uploads\\\/2021\\\/08\\\/big-logo-scaled.jpg\",\"width\":2560,\"height\":803,\"caption\":\"Uceda Institute\"},\"image\":{\"@id\":\"https:\\\/\\\/uceda.org\\\/#\\\/schema\\\/logo\\\/image\\\/\"},\"sameAs\":[\"https:\\\/\\\/www.facebook.com\\\/ucedainstitute\\\/\",\"https:\\\/\\\/www.instagram.com\\\/ucedaonline\\\/?hl=en\"]}]}<\/script>\n<!-- \/ Yoast SEO plugin. -->","yoast_head_json":{"title":"Espanhol - UCEDA Institute","robots":{"index":"index","follow":"follow","max-snippet":"max-snippet:-1","max-image-preview":"max-image-preview:large","max-video-preview":"max-video-preview:-1"},"canonical":"https:\/\/uceda.org\/pt-br\/espanol\/","og_locale":"pt_BR","og_type":"article","og_title":"Espanhol - UCEDA Institute","og_description":"[vc_row content_placement=&#8221;middle&#8221; row_content_width=&#8221;grid&#8221; css=&#8221;.vc_custom_1626570790422{margin-top: 130px !important;margin-bottom: 250px !important;}&#8221; parallax_background_image=&#8221;3642&#8243;][vc_column][vc_custom_heading text=&#8221;Espanhol&#8221; font_container=&#8221;tag:h2|font_size:65px|text_align:left|color:%23ffffff|line_height:55px&#8221; google_fonts=&#8221;font_family:Raleway%3A100%2C200%2C300%2Cregular%2C500%2C600%2C700%2C800%2C900|font_style:800%20bold%20regular%3A800%3Anormal&#8221;][vc_single_image image=&#8221;4484&#8243;][\/vc_column][\/vc_row][vc_row row_content_width=&#8221;grid&#8221; css=&#8221;.vc_custom_1622381038429{padding-top: 50px !important;padding-right: 8px !important;padding-bottom: 50px !important;padding-left: 8px !important;}&#8221;][vc_column][\/vc_column][\/vc_row][vc_row disable_element=&#8221;yes&#8221; css=&#8221;.vc_custom_1626572588476{margin-top: 65px !important;margin-right: 0px !important;margin-bottom: 0px !important;margin-left: 0px !important;}&#8221;][vc_column width=&#8221;1\/6&#8243;][\/vc_column][vc_column width=&#8221;2\/3&#8243;][vc_custom_heading text=&#8221;Aprenda mais sobre n\u00f3s&#8221; font_container=&#8221;tag:h2|font_size:45px|text_align:center|color:%23545454&#8243; google_fonts=&#8221;font_family:Raleway%3A100%2C200%2C300%2Cregular%2C500%2C600%2C700%2C800%2C900|font_style:700%20bold%20regular%3A700%3Anormal&#8221; css_animation=&#8221;bounceInDown&#8221;][\/vc_column][vc_column width=&#8221;1\/6&#8243;][\/vc_column][\/vc_row][vc_row content_placement=&#8221;middle&#8221; disable_element=&#8221;yes&#8221; css=&#8221;.vc_custom_1626572573685{margin-top: 80px !important;margin-right: 0px !important;margin-bottom: 0px !important;margin-left: 0px !important;}&#8221;][vc_column][vc_empty_space height=&#8221;62px&#8221;][\/vc_column][\/vc_row][vc_row][vc_column][vc_empty_space height=&#8221;62px&#8221;][\/vc_column][\/vc_row]","og_url":"https:\/\/uceda.org\/pt-br\/espanol\/","og_site_name":"UCEDA Institute","article_publisher":"https:\/\/www.facebook.com\/ucedainstitute\/","article_modified_time":"2022-02-02T22:34:57+00:00","twitter_card":"summary_large_image","twitter_misc":{"Est. tempo de leitura":"3 minutos"},"schema":{"@context":"https:\/\/schema.org","@graph":[{"@type":"WebPage","@id":"https:\/\/uceda.org\/pt-br\/espanol\/","url":"https:\/\/uceda.org\/pt-br\/espanol\/","name":"Espanhol - UCEDA Institute","isPartOf":{"@id":"https:\/\/uceda.org\/#website"},"datePublished":"2021-05-30T16:53:36+00:00","dateModified":"2022-02-02T22:34:57+00:00","breadcrumb":{"@id":"https:\/\/uceda.org\/pt-br\/espanol\/#breadcrumb"},"inLanguage":"pt-BR","potentialAction":[{"@type":"ReadAction","target":["https:\/\/uceda.org\/pt-br\/espanol\/"]}]},{"@type":"BreadcrumbList","@id":"https:\/\/uceda.org\/pt-br\/espanol\/#breadcrumb","itemListElement":[{"@type":"ListItem","position":1,"name":"Home","item":"https:\/\/uceda.org\/pt-br\/"},{"@type":"ListItem","position":2,"name":"Espanhol"}]},{"@type":"WebSite","@id":"https:\/\/uceda.org\/#website","url":"https:\/\/uceda.org\/","name":"UCEDA Institute","description":"Aprende Ingl\u00e9s","publisher":{"@id":"https:\/\/uceda.org\/#organization"},"potentialAction":[{"@type":"SearchAction","target":{"@type":"EntryPoint","urlTemplate":"https:\/\/uceda.org\/?s={search_term_string}"},"query-input":{"@type":"PropertyValueSpecification","valueRequired":true,"valueName":"search_term_string"}}],"inLanguage":"pt-BR"},{"@type":"Organization","@id":"https:\/\/uceda.org\/#organization","name":"Uceda Institute","url":"https:\/\/uceda.org\/","logo":{"@type":"ImageObject","inLanguage":"pt-BR","@id":"https:\/\/uceda.org\/#\/schema\/logo\/image\/","url":"https:\/\/uceda.org\/wp-content\/uploads\/2021\/08\/big-logo-scaled.jpg","contentUrl":"https:\/\/uceda.org\/wp-content\/uploads\/2021\/08\/big-logo-scaled.jpg","width":2560,"height":803,"caption":"Uceda Institute"},"image":{"@id":"https:\/\/uceda.org\/#\/schema\/logo\/image\/"},"sameAs":["https:\/\/www.facebook.com\/ucedainstitute\/","https:\/\/www.instagram.com\/ucedaonline\/?hl=en"]}]}},"_links":{"self":[{"href":"https:\/\/uceda.org\/pt-br\/wp-json\/wp\/v2\/pages\/4750","targetHints":{"allow":["GET"]}}],"collection":[{"href":"https:\/\/uceda.org\/pt-br\/wp-json\/wp\/v2\/pages"}],"about":[{"href":"https:\/\/uceda.org\/pt-br\/wp-json\/wp\/v2\/types\/page"}],"author":[{"embeddable":true,"href":"https:\/\/uceda.org\/pt-br\/wp-json\/wp\/v2\/users\/1"}],"replies":[{"embeddable":true,"href":"https:\/\/uceda.org\/pt-br\/wp-json\/wp\/v2\/comments?post=4750"}],"version-history":[{"count":5,"href":"https:\/\/uceda.org\/pt-br\/wp-json\/wp\/v2\/pages\/4750\/revisions"}],"predecessor-version":[{"id":39880,"href":"https:\/\/uceda.org\/pt-br\/wp-json\/wp\/v2\/pages\/4750\/revisions\/39880"}],"wp:attachment":[{"href":"https:\/\/uceda.org\/pt-br\/wp-json\/wp\/v2\/media?parent=4750"}],"curies":[{"name":"wp","href":"https:\/\/api.w.org\/{rel}","templated":true}]}}