{"id":4731,"date":"2021-05-30T06:08:24","date_gmt":"2021-05-30T11:08:24","guid":{"rendered":"https:\/\/website.uceda.org\/ingles\/"},"modified":"2021-10-05T09:30:55","modified_gmt":"2021-10-05T13:30:55","slug":"ingles","status":"publish","type":"page","link":"https:\/\/uceda.org\/pt-br\/ingles\/","title":{"rendered":"Ingl\u00eas"},"content":{"rendered":"<p>[vc_row content_placement=&#8221;middle&#8221; row_content_width=&#8221;grid&#8221; css=&#8221;.vc_custom_1622377705644{margin-top: 100px !important;margin-bottom: 250px !important;}&#8221; parallax_background_image=&#8221;3609&#8243;][vc_column][vc_custom_heading text=&#8221;Ingles&#8221; font_container=&#8221;tag:h2|font_size:65px|text_align:left|color:%23ffffff|line_height:55px&#8221; google_fonts=&#8221;font_family:Raleway%3A100%2C200%2C300%2Cregular%2C500%2C600%2C700%2C800%2C900|font_style:800%20bold%20regular%3A800%3Anormal&#8221;][vc_single_image image=&#8221;4484&#8243;][vc_custom_heading text=&#8221;Expresse-se em ingl\u00eas com liberdade e<br \/>\nconfian\u00e7a onde quer que voc\u00ea v\u00e1!&#8221; font_container=&#8221;tag:h2|font_size:40px|text_align:left|color:%23ffffff|line_height:40px&#8221; google_fonts=&#8221;font_family:Raleway%3A100%2C200%2C300%2Cregular%2C500%2C600%2C700%2C800%2C900|font_style:300%20light%20regular%3A300%3Anormal&#8221;][\/vc_column][\/vc_row][vc_row css=&#8221;.vc_custom_1621207227385{margin-top: 65px !important;margin-right: 0px !important;margin-bottom: 0px !important;margin-left: 0px !important;}&#8221;][vc_column width=&#8221;1\/6&#8243;][\/vc_column][vc_column width=&#8221;2\/3&#8243;][vc_custom_heading text=&#8221;Em Uceda Ingl\u00eas sem estresse!&#8221; font_container=&#8221;tag:h2|font_size:55px|text_align:center|color:%23545454&#8243; google_fonts=&#8221;font_family:Raleway%3A100%2C200%2C300%2Cregular%2C500%2C600%2C700%2C800%2C900|font_style:700%20bold%20regular%3A700%3Anormal&#8221; css_animation=&#8221;bounceInDown&#8221;][\/vc_column][vc_column width=&#8221;1\/6&#8243;][\/vc_column][\/vc_row][vc_row row_content_width=&#8221;grid&#8221; css=&#8221;.vc_custom_1622381038429{padding-top: 50px !important;padding-right: 8px !important;padding-bottom: 50px !important;padding-left: 8px !important;}&#8221;][vc_column]<div class=\"eltdf-elements-holder   eltdf-two-columns  eltdf-responsive-mode-1024   \" ><div class=\"eltdf-eh-item     \"  data-item-class=\"eltdf-eh-custom-3063\" data-1367-1600=\"24% 12% 27.4% 20%\" data-1025-1366=\"20% 60px 25% 50px\" data-769-1024=\"20% 70px 25% 75px\" data-681-768=\"20% 70px 25% 75px\" data-680=\"60px 11px 90px 22px\">\n\t<div class=\"eltdf-eh-item-inner\">\n\t\t<div class=\"eltdf-eh-item-content eltdf-eh-custom-3063\" style=\"padding: 24% 24% 27.4% 12%\">\n\t\t\t[vc_column_text css=&#8221;.vc_custom_1633440647506{margin-top: 40px !important;margin-bottom: 0px !important;}&#8221;]<strong>Programa de Ingl\u00eas UCEDA (ESL)<\/strong><\/p>\n<p>&nbsp;<\/p>\n<ul>\n<li><strong>Simplifique sua experi\u00eancia de aprendizado! <\/strong>Todos podem aprender ingl\u00eas. Tudo que voc\u00ea precisa \u00e9 o desejo de atingir esse objetivo.<\/li>\n<\/ul>\n<p>&nbsp;<\/p>\n<ul>\n<li><strong>Somos especialistas no ensino de ingl\u00eas desde 1988.<\/strong> Nossa metodologia pragm\u00e1tica nos permite ensinar o idioma como uma ferramenta nas ind\u00fastrias e neg\u00f3cios que impulsionam a economia mundial.<\/li>\n<\/ul>\n<p>&nbsp;<\/p>\n<ul>\n<li><strong>Concentre-se no que \u00e9 essencial para voc\u00ea.<\/strong> Nosso curr\u00edculo oferece um curso para cada necessidade. Aprimore sua gram\u00e1tica, vocabul\u00e1rio, conversa\u00e7\u00e3o, reda\u00e7\u00e3o e pron\u00fancia, entre outros cursos.<\/li>\n<\/ul>\n<p>&nbsp;<\/p>\n<ul>\n<li><strong>Confie em nossos professores comprometidos, em sua experi\u00eancia e em nossa metodologia comprovada ao longo dos anos.<\/strong> \u00c9 isso que nos diferencia e acredita no que oferecemos.<\/li>\n<\/ul>\n<p>&nbsp;<\/p>\n<ul>\n<li><strong>A tutoria cont\u00ednua e personalizada facilita um ambiente de aprendizagem individualizado,<\/strong> parte do que todo estudante de l\u00ednguas busca.<\/li>\n<\/ul>\n<p>&nbsp;<\/p>\n<ul>\n<li><strong>Na UCEDA, acreditamos que aprender ingl\u00eas deve ser acess\u00edvel a todos.<\/strong> Participe como convidado de uma de nossas aulas e experimente voc\u00ea mesmo a diferen\u00e7a.<\/li>\n<\/ul>\n<p>&nbsp;<\/p>\n<ul>\n<li><strong>Escolha o cronograma de aprendizagem que melhor se adapta a voc\u00ea.<\/strong> Fa\u00e7a um teste de n\u00edvel gratuito e descubra seu potencial.<\/li>\n<\/ul>\n<p>&nbsp;<\/p>\n<p><strong>Fa\u00e7a parte do futuro estudando ingl\u00eas no UCEDA Institute!<\/strong>[\/vc_column_text][vc_column_text]<span style=\"font-weight: 400;\">ESP (ingl\u00eas para fins especiais)<\/span><\/p>\n<p><span style=\"font-weight: 400;\"> \u00c9 uma s\u00e9rie de cursos de curta dura\u00e7\u00e3o projetados para indiv\u00edduos que desejam melhorar seu ingl\u00eas em \u00e1reas espec\u00edficas. Esses cursos s\u00e3o acompanhados por livros did\u00e1ticos propriet\u00e1rios da UCEDA que tratam de t\u00f3picos como:<\/span><\/p>\n<ul>\n<li><span style=\"font-weight: 400;\"> Fabrica\u00e7\u00e3o<\/span><\/li>\n<li><span style=\"font-weight: 400;\"> Tecnologia<\/span><\/li>\n<li><span style=\"font-weight: 400;\"> Hospitalidade<\/span><\/li>\n<li><span style=\"font-weight: 400;\"> Servi\u00e7os aliment\u00edcios<\/span><\/li>\n<li><span style=\"font-weight: 400;\"> Empreendedorismo<\/span><\/li>\n<li><span style=\"font-weight: 400;\"> Servi\u00e7os de sa\u00fade<\/span><\/li>\n<\/ul>\n<p><span style=\"font-weight: 400;\">O conhecimento pr\u00e9vio de ingl\u00eas \u00e9 prefer\u00edvel, mas n\u00e3o \u00e9 obrigat\u00f3rio para fazer qualquer um desses cursos<\/span><span style=\"font-weight: 400;\">.<\/span>[\/vc_column_text]\t\t<\/div>\n\t<\/div>\n<\/div><div class=\"eltdf-eh-item     eltdf-background-arrow-left\" style=\"border-color: #61ddc9;background-color: #61ddc9\" data-item-class=\"eltdf-eh-custom-4624\" data-1025-1366=\"2px 63px 0\" data-769-1024=\"90px 65px 85px 70px\" data-681-768=\"90px 65px 85px 70px\" data-680=\"5px 20px 10px 20px\">\n\t<div class=\"eltdf-eh-item-inner\">\n\t\t<div class=\"eltdf-eh-item-content eltdf-eh-custom-4624\" style=\"padding: 5px 65px 0 70px\">\n\t\t\t[vc_custom_heading text=&#8221;comece seu<br \/>\naprendizado<br \/>\naqui!&#8221; font_container=&#8221;tag:h2|font_size:30px|text_align:left|color:%23ffffff&#8221; google_fonts=&#8221;font_family:Raleway%3A100%2C200%2C300%2Cregular%2C500%2C600%2C700%2C800%2C900|font_style:700%20bold%20regular%3A700%3Anormal&#8221;][vc_empty_space height=&#8221;25px&#8221;]\n<div class=\"wpcf7 no-js\" id=\"wpcf7-f6959-o1\" lang=\"pt-BR\" dir=\"ltr\" data-wpcf7-id=\"6959\">\n<div class=\"screen-reader-response\"><p role=\"status\" aria-live=\"polite\" aria-atomic=\"true\"><\/p> <ul><\/ul><\/div>\n<form action=\"\/pt-br\/wp-json\/wp\/v2\/pages\/4731#wpcf7-f6959-o1\" method=\"post\" class=\"wpcf7-form init\" aria-label=\"Formul\u00e1rios de contato\" novalidate=\"novalidate\" data-status=\"init\">\n<fieldset class=\"hidden-fields-container\"><input type=\"hidden\" name=\"_wpcf7\" value=\"6959\" \/><input type=\"hidden\" name=\"_wpcf7_version\" value=\"6.1.1\" \/><input type=\"hidden\" name=\"_wpcf7_locale\" value=\"pt_BR\" \/><input type=\"hidden\" name=\"_wpcf7_unit_tag\" value=\"wpcf7-f6959-o1\" \/><input type=\"hidden\" name=\"_wpcf7_container_post\" value=\"0\" \/><input type=\"hidden\" name=\"_wpcf7_posted_data_hash\" value=\"\" \/><input type=\"hidden\" name=\"_wpcf7_recaptcha_response\" value=\"\" \/>\n<\/fieldset>\n<div class=\"eltdf-contact-form-7-widget\">\n\t<p><span class=\"wpcf7-form-control-wrap\" data-name=\"your-name\"><input size=\"40\" maxlength=\"400\" class=\"wpcf7-form-control wpcf7-text wpcf7-validates-as-required\" aria-required=\"true\" aria-invalid=\"false\" placeholder=\"Nome\" value=\"\" type=\"text\" name=\"your-name\" \/><\/span><br \/>\n<span class=\"wpcf7-form-control-wrap\" data-name=\"your-email\"><input size=\"40\" maxlength=\"400\" class=\"wpcf7-form-control wpcf7-email wpcf7-validates-as-required wpcf7-text wpcf7-validates-as-email\" aria-required=\"true\" aria-invalid=\"false\" placeholder=\"Email\" value=\"\" type=\"email\" name=\"your-email\" \/><\/span><br \/>\n<span class=\"wpcf7-form-control-wrap\" data-name=\"your-tel\"><input size=\"40\" maxlength=\"400\" class=\"wpcf7-form-control wpcf7-tel wpcf7-validates-as-required wpcf7-text wpcf7-validates-as-tel\" aria-required=\"true\" aria-invalid=\"false\" placeholder=\"Celular\" value=\"\" type=\"tel\" name=\"your-tel\" \/><\/span><br \/>\n<span class=\"wpcf7-form-control-wrap\" data-name=\"estado\"><input size=\"40\" maxlength=\"400\" class=\"wpcf7-form-control wpcf7-text wpcf7-validates-as-required\" aria-required=\"true\" aria-invalid=\"false\" placeholder=\"Cidade \/ Pa\u00eds onde voc\u00ea mora\" value=\"\" type=\"text\" name=\"estado\" \/><\/span><br \/>\n<span class=\"wpcf7-form-control-wrap\" data-name=\"zipcode\"><input size=\"40\" maxlength=\"400\" class=\"wpcf7-form-control wpcf7-text\" aria-invalid=\"false\" placeholder=\"CEP (zipcode)\" value=\"\" type=\"text\" name=\"zipcode\" \/><\/span><br \/>\n<span class=\"wpcf7-form-control-wrap\" data-name=\"formato\"><select class=\"wpcf7-form-control wpcf7-select wpcf7-validates-as-required\" aria-required=\"true\" aria-invalid=\"false\" name=\"formato\"><option value=\"Clique aqui para escolher como voc\u00ea gostaria de estudar?\">Clique aqui para escolher como voc\u00ea gostaria de estudar?<\/option><option value=\"Presencial\">Presencial<\/option><option value=\"Virtual\">Virtual<\/option><\/select><\/span><br \/>\n<span class=\"wpcf7-form-control-wrap\" data-name=\"formato1\"><select class=\"wpcf7-form-control wpcf7-select wpcf7-validates-as-required\" aria-required=\"true\" aria-invalid=\"false\" name=\"formato1\"><option value=\"Seleciona el programa de estudios que deseas\">Seleciona el programa de estudios que deseas<\/option><option value=\"Clases de Ingles\">Clases de Ingles<\/option><option value=\"Clases de GED\">Clases de GED<\/option><option value=\"Preparacion para la ciudadania Americana\">Preparacion para la ciudadania Americana<\/option><option value=\"Clases grupales o para Empresas\">Clases grupales o para Empresas<\/option><option value=\"Aplicacion para la Visa de estudiante\">Aplicacion para la Visa de estudiante<\/option><option value=\"Preparacion para el examen de TOEFL\">Preparacion para el examen de TOEFL<\/option><option value=\"Espanhol\">Espanhol<\/option><\/select><\/span><br \/>\n<input class=\"wpcf7-form-control wpcf7-submit has-spinner\" type=\"submit\" value=\"Inscr\u00edbete ahora\" \/>\n\t<\/p>\n<\/div><p style=\"display: none !important;\" class=\"akismet-fields-container\" data-prefix=\"_wpcf7_ak_\"><label>&#916;<textarea name=\"_wpcf7_ak_hp_textarea\" cols=\"45\" rows=\"8\" maxlength=\"100\"><\/textarea><\/label><input type=\"hidden\" id=\"ak_js_1\" name=\"_wpcf7_ak_js\" value=\"133\"\/><script>document.getElementById( \"ak_js_1\" ).setAttribute( \"value\", ( new Date() ).getTime() );<\/script><\/p><div class=\"wpcf7-response-output\" aria-hidden=\"true\"><\/div>\n<\/form>\n<\/div>\n\t\t<\/div>\n\t<\/div>\n<\/div><\/div>[\/vc_column][\/vc_row][vc_row css=&#8221;.vc_custom_1621207227385{margin-top: 65px !important;margin-right: 0px !important;margin-bottom: 0px !important;margin-left: 0px !important;}&#8221;][vc_column width=&#8221;1\/6&#8243;][\/vc_column][vc_column width=&#8221;2\/3&#8243;][vc_custom_heading text=&#8221;Aprenda mais sobre n\u00f3s&#8221; font_container=&#8221;tag:h2|font_size:45px|text_align:center|color:%23545454&#8243; google_fonts=&#8221;font_family:Raleway%3A100%2C200%2C300%2Cregular%2C500%2C600%2C700%2C800%2C900|font_style:700%20bold%20regular%3A700%3Anormal&#8221; css_animation=&#8221;bounceInDown&#8221;][\/vc_column][vc_column width=&#8221;1\/6&#8243;][\/vc_column][\/vc_row][vc_row content_placement=&#8221;middle&#8221; css=&#8221;.vc_custom_1621218450968{margin-top: 80px !important;margin-right: 0px !important;margin-bottom: 0px !important;margin-left: 0px !important;}&#8221;][vc_column]<div class=\"eltdf-elements-holder   eltdf-one-column  eltdf-responsive-mode-768 eltdf-one-column-alignment-center  \" ><div class=\"eltdf-eh-item   eltdf-horizontal-alignment-center  \"  data-item-class=\"eltdf-eh-custom-4670\" data-769-1024=\"0 0\" data-681-768=\"0 0\" data-680=\"40px 0 0 0\">\n\t<div class=\"eltdf-eh-item-inner\">\n\t\t<div class=\"eltdf-eh-item-content eltdf-eh-custom-4670\" >\n\t\t\t<div class=\"eltdf-video-button-holder  eltdf-vb-has-img\">\n\t<div class=\"eltdf-video-button-image\">\n\t\t<img fetchpriority=\"high\" decoding=\"async\" width=\"920\" height=\"307\" src=\"https:\/\/uceda.org\/wp-content\/uploads\/2021\/05\/video_UCEDA_ingles.jpg\" class=\"attachment-full size-full\" alt=\"\" srcset=\"https:\/\/uceda.org\/wp-content\/uploads\/2021\/05\/video_UCEDA_ingles.jpg 920w, https:\/\/uceda.org\/wp-content\/uploads\/2021\/05\/video_UCEDA_ingles-300x100.jpg 300w, https:\/\/uceda.org\/wp-content\/uploads\/2021\/05\/video_UCEDA_ingles-768x256.jpg 768w, https:\/\/uceda.org\/wp-content\/uploads\/2021\/05\/video_UCEDA_ingles-600x200.jpg 600w\" sizes=\"(max-width: 920px) 100vw, 920px\" \/>\t<\/div>\n\t\t\t<a class=\"eltdf-video-button-play-image eltdf-vb-has-hover-image\" href=\"https:\/\/www.youtube.com\/watch?v=pPv_pyi2LzY&#038;t=3s\" data-rel=\"prettyPhoto[video_button_pretty_photo_573]\">\n\t\t\t<span class=\"eltdf-video-button-play-inner\">\n\t\t\t\t<img decoding=\"async\" width=\"99\" height=\"99\" src=\"https:\/\/uceda.org\/wp-content\/uploads\/2021\/05\/play_video_uceda_02.png\" class=\"attachment-full size-full\" alt=\"\" \/>\t\t\t\t\t\t\t\t\t<img decoding=\"async\" width=\"97\" height=\"97\" src=\"https:\/\/uceda.org\/wp-content\/uploads\/2021\/05\/play_video_uceda_over_02.png\" class=\"attachment-full size-full\" alt=\"\" \/>\t\t\t\t\t\t\t<\/span>\n\t\t<\/a>\n\t<\/div>\t\t<\/div>\n\t<\/div>\n<\/div><\/div>[vc_empty_space height=&#8221;62px&#8221;][\/vc_column][\/vc_row]<\/p>\n","protected":false},"excerpt":{"rendered":"<p>[vc_row content_placement=&#8221;middle&#8221; row_content_width=&#8221;grid&#8221; css=&#8221;.vc_custom_1622377705644{margin-top: 100px !important;margin-bottom: 250px !important;}&#8221; parallax_background_image=&#8221;3609&#8243;][vc_column][vc_custom_heading text=&#8221;Ingles&#8221; font_container=&#8221;tag:h2|font_size:65px|text_align:left|color:%23ffffff|line_height:55px&#8221; google_fonts=&#8221;font_family:Raleway%3A100%2C200%2C300%2Cregular%2C500%2C600%2C700%2C800%2C900|font_style:800%20bold%20regular%3A800%3Anormal&#8221;][vc_single_image image=&#8221;4484&#8243;][vc_custom_heading text=&#8221;Expresse-se em ingl\u00eas com liberdade e confian\u00e7a onde quer que voc\u00ea v\u00e1!&#8221; font_container=&#8221;tag:h2|font_size:40px|text_align:left|color:%23ffffff|line_height:40px&#8221; google_fonts=&#8221;font_family:Raleway%3A100%2C200%2C300%2Cregular%2C500%2C600%2C700%2C800%2C900|font_style:300%20light%20regular%3A300%3Anormal&#8221;][\/vc_column][\/vc_row][vc_row css=&#8221;.vc_custom_1621207227385{margin-top: 65px !important;margin-right: 0px !important;margin-bottom: 0px !important;margin-left: 0px !important;}&#8221;][vc_column width=&#8221;1\/6&#8243;][\/vc_column][vc_column width=&#8221;2\/3&#8243;][vc_custom_heading text=&#8221;Em Uceda Ingl\u00eas sem estresse!&#8221; font_container=&#8221;tag:h2|font_size:55px|text_align:center|color:%23545454&#8243; google_fonts=&#8221;font_family:Raleway%3A100%2C200%2C300%2Cregular%2C500%2C600%2C700%2C800%2C900|font_style:700%20bold%20regular%3A700%3Anormal&#8221; css_animation=&#8221;bounceInDown&#8221;][\/vc_column][vc_column width=&#8221;1\/6&#8243;][\/vc_column][\/vc_row][vc_row row_content_width=&#8221;grid&#8221; css=&#8221;.vc_custom_1622381038429{padding-top: 50px !important;padding-right: 8px !important;padding-bottom: 50px !important;padding-left: 8px [&hellip;]<\/p>\n","protected":false},"author":1,"featured_media":0,"parent":0,"menu_order":0,"comment_status":"closed","ping_status":"closed","template":"full-width.php","meta":{"_EventAllDay":false,"_EventTimezone":"","_EventStartDate":"","_EventEndDate":"","_EventStartDateUTC":"","_EventEndDateUTC":"","_EventShowMap":false,"_EventShowMapLink":false,"_EventURL":"","_EventCost":"","_EventCostDescription":"","_EventCurrencySymbol":"","_EventCurrencyCode":"","_EventCurrencyPosition":"","_EventDateTimeSeparator":"","_EventTimeRangeSeparator":"","_EventOrganizerID":[],"_EventVenueID":[],"_OrganizerEmail":"","_OrganizerPhone":"","_OrganizerWebsite":"","_VenueAddress":"","_VenueCity":"","_VenueCountry":"","_VenueProvince":"","_VenueState":"","_VenueZip":"","_VenuePhone":"","_VenueURL":"","_VenueStateProvince":"","_VenueLat":"","_VenueLng":"","_VenueShowMap":false,"_VenueShowMapLink":false,"footnotes":""},"class_list":["post-4731","page","type-page","status-publish","hentry"],"yoast_head":"<!-- This site is optimized with the Yoast SEO plugin v27.4 - https:\/\/yoast.com\/product\/yoast-seo-wordpress\/ -->\n<title>Ingl\u00eas - UCEDA Institute<\/title>\n<meta name=\"robots\" content=\"index, follow, max-snippet:-1, max-image-preview:large, max-video-preview:-1\" \/>\n<link rel=\"canonical\" href=\"https:\/\/uceda.org\/pt-br\/ingles\/\" \/>\n<meta property=\"og:locale\" content=\"pt_BR\" \/>\n<meta property=\"og:type\" content=\"article\" \/>\n<meta property=\"og:title\" content=\"Ingl\u00eas - UCEDA Institute\" \/>\n<meta property=\"og:description\" content=\"[vc_row content_placement=&#8221;middle&#8221; row_content_width=&#8221;grid&#8221; css=&#8221;.vc_custom_1622377705644{margin-top: 100px !important;margin-bottom: 250px !important;}&#8221; parallax_background_image=&#8221;3609&#8243;][vc_column][vc_custom_heading text=&#8221;Ingles&#8221; font_container=&#8221;tag:h2|font_size:65px|text_align:left|color:%23ffffff|line_height:55px&#8221; google_fonts=&#8221;font_family:Raleway%3A100%2C200%2C300%2Cregular%2C500%2C600%2C700%2C800%2C900|font_style:800%20bold%20regular%3A800%3Anormal&#8221;][vc_single_image image=&#8221;4484&#8243;][vc_custom_heading text=&#8221;Expresse-se em ingl\u00eas com liberdade e confian\u00e7a onde quer que voc\u00ea v\u00e1!&#8221; font_container=&#8221;tag:h2|font_size:40px|text_align:left|color:%23ffffff|line_height:40px&#8221; google_fonts=&#8221;font_family:Raleway%3A100%2C200%2C300%2Cregular%2C500%2C600%2C700%2C800%2C900|font_style:300%20light%20regular%3A300%3Anormal&#8221;][\/vc_column][\/vc_row][vc_row css=&#8221;.vc_custom_1621207227385{margin-top: 65px !important;margin-right: 0px !important;margin-bottom: 0px !important;margin-left: 0px !important;}&#8221;][vc_column width=&#8221;1\/6&#8243;][\/vc_column][vc_column width=&#8221;2\/3&#8243;][vc_custom_heading text=&#8221;Em Uceda Ingl\u00eas sem estresse!&#8221; font_container=&#8221;tag:h2|font_size:55px|text_align:center|color:%23545454&#8243; google_fonts=&#8221;font_family:Raleway%3A100%2C200%2C300%2Cregular%2C500%2C600%2C700%2C800%2C900|font_style:700%20bold%20regular%3A700%3Anormal&#8221; css_animation=&#8221;bounceInDown&#8221;][\/vc_column][vc_column width=&#8221;1\/6&#8243;][\/vc_column][\/vc_row][vc_row row_content_width=&#8221;grid&#8221; css=&#8221;.vc_custom_1622381038429{padding-top: 50px !important;padding-right: 8px !important;padding-bottom: 50px !important;padding-left: 8px [&hellip;]\" \/>\n<meta property=\"og:url\" content=\"https:\/\/uceda.org\/pt-br\/ingles\/\" \/>\n<meta property=\"og:site_name\" content=\"UCEDA Institute\" \/>\n<meta property=\"article:publisher\" content=\"https:\/\/www.facebook.com\/ucedainstitute\/\" \/>\n<meta property=\"article:modified_time\" content=\"2021-10-05T13:30:55+00:00\" \/>\n<meta name=\"twitter:card\" content=\"summary_large_image\" \/>\n<meta name=\"twitter:label1\" content=\"Est. tempo de leitura\" \/>\n\t<meta name=\"twitter:data1\" content=\"4 minutos\" \/>\n<script type=\"application\/ld+json\" class=\"yoast-schema-graph\">{\"@context\":\"https:\\\/\\\/schema.org\",\"@graph\":[{\"@type\":\"WebPage\",\"@id\":\"https:\\\/\\\/uceda.org\\\/pt-br\\\/ingles\\\/\",\"url\":\"https:\\\/\\\/uceda.org\\\/pt-br\\\/ingles\\\/\",\"name\":\"Ingl\u00eas - UCEDA Institute\",\"isPartOf\":{\"@id\":\"https:\\\/\\\/uceda.org\\\/#website\"},\"datePublished\":\"2021-05-30T11:08:24+00:00\",\"dateModified\":\"2021-10-05T13:30:55+00:00\",\"breadcrumb\":{\"@id\":\"https:\\\/\\\/uceda.org\\\/pt-br\\\/ingles\\\/#breadcrumb\"},\"inLanguage\":\"pt-BR\",\"potentialAction\":[{\"@type\":\"ReadAction\",\"target\":[\"https:\\\/\\\/uceda.org\\\/pt-br\\\/ingles\\\/\"]}]},{\"@type\":\"BreadcrumbList\",\"@id\":\"https:\\\/\\\/uceda.org\\\/pt-br\\\/ingles\\\/#breadcrumb\",\"itemListElement\":[{\"@type\":\"ListItem\",\"position\":1,\"name\":\"Home\",\"item\":\"https:\\\/\\\/uceda.org\\\/pt-br\\\/\"},{\"@type\":\"ListItem\",\"position\":2,\"name\":\"Ingl\u00eas\"}]},{\"@type\":\"WebSite\",\"@id\":\"https:\\\/\\\/uceda.org\\\/#website\",\"url\":\"https:\\\/\\\/uceda.org\\\/\",\"name\":\"UCEDA Institute\",\"description\":\"Aprende Ingl\u00e9s\",\"publisher\":{\"@id\":\"https:\\\/\\\/uceda.org\\\/#organization\"},\"potentialAction\":[{\"@type\":\"SearchAction\",\"target\":{\"@type\":\"EntryPoint\",\"urlTemplate\":\"https:\\\/\\\/uceda.org\\\/?s={search_term_string}\"},\"query-input\":{\"@type\":\"PropertyValueSpecification\",\"valueRequired\":true,\"valueName\":\"search_term_string\"}}],\"inLanguage\":\"pt-BR\"},{\"@type\":\"Organization\",\"@id\":\"https:\\\/\\\/uceda.org\\\/#organization\",\"name\":\"Uceda Institute\",\"url\":\"https:\\\/\\\/uceda.org\\\/\",\"logo\":{\"@type\":\"ImageObject\",\"inLanguage\":\"pt-BR\",\"@id\":\"https:\\\/\\\/uceda.org\\\/#\\\/schema\\\/logo\\\/image\\\/\",\"url\":\"https:\\\/\\\/uceda.org\\\/wp-content\\\/uploads\\\/2021\\\/08\\\/big-logo-scaled.jpg\",\"contentUrl\":\"https:\\\/\\\/uceda.org\\\/wp-content\\\/uploads\\\/2021\\\/08\\\/big-logo-scaled.jpg\",\"width\":2560,\"height\":803,\"caption\":\"Uceda Institute\"},\"image\":{\"@id\":\"https:\\\/\\\/uceda.org\\\/#\\\/schema\\\/logo\\\/image\\\/\"},\"sameAs\":[\"https:\\\/\\\/www.facebook.com\\\/ucedainstitute\\\/\",\"https:\\\/\\\/www.instagram.com\\\/ucedaonline\\\/?hl=en\"]}]}<\/script>\n<!-- \/ Yoast SEO plugin. -->","yoast_head_json":{"title":"Ingl\u00eas - UCEDA Institute","robots":{"index":"index","follow":"follow","max-snippet":"max-snippet:-1","max-image-preview":"max-image-preview:large","max-video-preview":"max-video-preview:-1"},"canonical":"https:\/\/uceda.org\/pt-br\/ingles\/","og_locale":"pt_BR","og_type":"article","og_title":"Ingl\u00eas - UCEDA Institute","og_description":"[vc_row content_placement=&#8221;middle&#8221; row_content_width=&#8221;grid&#8221; css=&#8221;.vc_custom_1622377705644{margin-top: 100px !important;margin-bottom: 250px !important;}&#8221; parallax_background_image=&#8221;3609&#8243;][vc_column][vc_custom_heading text=&#8221;Ingles&#8221; font_container=&#8221;tag:h2|font_size:65px|text_align:left|color:%23ffffff|line_height:55px&#8221; google_fonts=&#8221;font_family:Raleway%3A100%2C200%2C300%2Cregular%2C500%2C600%2C700%2C800%2C900|font_style:800%20bold%20regular%3A800%3Anormal&#8221;][vc_single_image image=&#8221;4484&#8243;][vc_custom_heading text=&#8221;Expresse-se em ingl\u00eas com liberdade e confian\u00e7a onde quer que voc\u00ea v\u00e1!&#8221; font_container=&#8221;tag:h2|font_size:40px|text_align:left|color:%23ffffff|line_height:40px&#8221; google_fonts=&#8221;font_family:Raleway%3A100%2C200%2C300%2Cregular%2C500%2C600%2C700%2C800%2C900|font_style:300%20light%20regular%3A300%3Anormal&#8221;][\/vc_column][\/vc_row][vc_row css=&#8221;.vc_custom_1621207227385{margin-top: 65px !important;margin-right: 0px !important;margin-bottom: 0px !important;margin-left: 0px !important;}&#8221;][vc_column width=&#8221;1\/6&#8243;][\/vc_column][vc_column width=&#8221;2\/3&#8243;][vc_custom_heading text=&#8221;Em Uceda Ingl\u00eas sem estresse!&#8221; font_container=&#8221;tag:h2|font_size:55px|text_align:center|color:%23545454&#8243; google_fonts=&#8221;font_family:Raleway%3A100%2C200%2C300%2Cregular%2C500%2C600%2C700%2C800%2C900|font_style:700%20bold%20regular%3A700%3Anormal&#8221; css_animation=&#8221;bounceInDown&#8221;][\/vc_column][vc_column width=&#8221;1\/6&#8243;][\/vc_column][\/vc_row][vc_row row_content_width=&#8221;grid&#8221; css=&#8221;.vc_custom_1622381038429{padding-top: 50px !important;padding-right: 8px !important;padding-bottom: 50px !important;padding-left: 8px [&hellip;]","og_url":"https:\/\/uceda.org\/pt-br\/ingles\/","og_site_name":"UCEDA Institute","article_publisher":"https:\/\/www.facebook.com\/ucedainstitute\/","article_modified_time":"2021-10-05T13:30:55+00:00","twitter_card":"summary_large_image","twitter_misc":{"Est. tempo de leitura":"4 minutos"},"schema":{"@context":"https:\/\/schema.org","@graph":[{"@type":"WebPage","@id":"https:\/\/uceda.org\/pt-br\/ingles\/","url":"https:\/\/uceda.org\/pt-br\/ingles\/","name":"Ingl\u00eas - UCEDA Institute","isPartOf":{"@id":"https:\/\/uceda.org\/#website"},"datePublished":"2021-05-30T11:08:24+00:00","dateModified":"2021-10-05T13:30:55+00:00","breadcrumb":{"@id":"https:\/\/uceda.org\/pt-br\/ingles\/#breadcrumb"},"inLanguage":"pt-BR","potentialAction":[{"@type":"ReadAction","target":["https:\/\/uceda.org\/pt-br\/ingles\/"]}]},{"@type":"BreadcrumbList","@id":"https:\/\/uceda.org\/pt-br\/ingles\/#breadcrumb","itemListElement":[{"@type":"ListItem","position":1,"name":"Home","item":"https:\/\/uceda.org\/pt-br\/"},{"@type":"ListItem","position":2,"name":"Ingl\u00eas"}]},{"@type":"WebSite","@id":"https:\/\/uceda.org\/#website","url":"https:\/\/uceda.org\/","name":"UCEDA Institute","description":"Aprende Ingl\u00e9s","publisher":{"@id":"https:\/\/uceda.org\/#organization"},"potentialAction":[{"@type":"SearchAction","target":{"@type":"EntryPoint","urlTemplate":"https:\/\/uceda.org\/?s={search_term_string}"},"query-input":{"@type":"PropertyValueSpecification","valueRequired":true,"valueName":"search_term_string"}}],"inLanguage":"pt-BR"},{"@type":"Organization","@id":"https:\/\/uceda.org\/#organization","name":"Uceda Institute","url":"https:\/\/uceda.org\/","logo":{"@type":"ImageObject","inLanguage":"pt-BR","@id":"https:\/\/uceda.org\/#\/schema\/logo\/image\/","url":"https:\/\/uceda.org\/wp-content\/uploads\/2021\/08\/big-logo-scaled.jpg","contentUrl":"https:\/\/uceda.org\/wp-content\/uploads\/2021\/08\/big-logo-scaled.jpg","width":2560,"height":803,"caption":"Uceda Institute"},"image":{"@id":"https:\/\/uceda.org\/#\/schema\/logo\/image\/"},"sameAs":["https:\/\/www.facebook.com\/ucedainstitute\/","https:\/\/www.instagram.com\/ucedaonline\/?hl=en"]}]}},"_links":{"self":[{"href":"https:\/\/uceda.org\/pt-br\/wp-json\/wp\/v2\/pages\/4731","targetHints":{"allow":["GET"]}}],"collection":[{"href":"https:\/\/uceda.org\/pt-br\/wp-json\/wp\/v2\/pages"}],"about":[{"href":"https:\/\/uceda.org\/pt-br\/wp-json\/wp\/v2\/types\/page"}],"author":[{"embeddable":true,"href":"https:\/\/uceda.org\/pt-br\/wp-json\/wp\/v2\/users\/1"}],"replies":[{"embeddable":true,"href":"https:\/\/uceda.org\/pt-br\/wp-json\/wp\/v2\/comments?post=4731"}],"version-history":[{"count":5,"href":"https:\/\/uceda.org\/pt-br\/wp-json\/wp\/v2\/pages\/4731\/revisions"}],"predecessor-version":[{"id":7316,"href":"https:\/\/uceda.org\/pt-br\/wp-json\/wp\/v2\/pages\/4731\/revisions\/7316"}],"wp:attachment":[{"href":"https:\/\/uceda.org\/pt-br\/wp-json\/wp\/v2\/media?parent=4731"}],"curies":[{"name":"wp","href":"https:\/\/api.w.org\/{rel}","templated":true}]}}