{"id":5086,"date":"2021-06-21T22:16:38","date_gmt":"2021-06-22T03:16:38","guid":{"rendered":"https:\/\/website.uceda.org\/?page_id=5086"},"modified":"2021-08-10T14:18:35","modified_gmt":"2021-08-10T19:18:35","slug":"experiencia-uceda","status":"publish","type":"page","link":"https:\/\/uceda.org\/es\/experiencia-uceda\/","title":{"rendered":"Experiencia Uceda"},"content":{"rendered":"<p>[vc_row][vc_column]\n\t\t\t<!-- START experience_TOP REVOLUTION SLIDER 6.2.23 --><p class=\"rs-p-wp-fix\"><\/p>\n\t\t\t<rs-module-wrap id=\"rev_slider_24_1_wrapper\" data-source=\"gallery\" style=\"background:transparent;padding:0;margin:0px auto;margin-top:0;margin-bottom:0;\">\n\t\t\t\t<rs-module id=\"rev_slider_24_1\" style=\"\" data-version=\"6.2.23\">\n\t\t\t\t\t<rs-slides>\n\t\t\t\t\t\t<rs-slide data-key=\"rs-54\" data-title=\"Slide\" data-anim=\"ei:d;eo:d;s:1000;r:0;t:fade;sl:0;\">\n\t\t\t\t\t\t\t<img fetchpriority=\"high\" decoding=\"async\" src=\"\/\/uceda.org\/wp-content\/uploads\/2021\/06\/uceda_experience_top_background.jpg\" title=\"Girl with megaphone jumping and shouting\" width=\"1920\" height=\"600\" data-parallax=\"off\" class=\"rev-slidebg\" data-no-retina>\n<!--\n\t\t\t\t\t\t\t--><rs-layer\n\t\t\t\t\t\t\t\tid=\"slider-24-slide-54-layer-2\" \n\t\t\t\t\t\t\t\tdata-type=\"text\"\n\t\t\t\t\t\t\t\tdata-tsh=\"h:5px,5px,3px,1px;v:5px,5px,3px,1px;b:5px,5px,3px,1px;\"\n\t\t\t\t\t\t\t\tdata-rsp_ch=\"on\"\n\t\t\t\t\t\t\t\tdata-xy=\"xo:37px,32px,22px,16px;yo:204px,206px,151px,162px;\"\n\t\t\t\t\t\t\t\tdata-text=\"w:normal;s:194,194,153,90;l:205,206,162,93;fw:900;\"\n\t\t\t\t\t\t\t\tdata-frame_0=\"x:-50,-123px,-195px,-229px;y:0,0px,0px,0px;\"\n\t\t\t\t\t\t\t\tdata-frame_1=\"x:0,0px,0px,0px;y:0,0px,0px,0px;sp:1000;\"\n\t\t\t\t\t\t\t\tdata-frame_999=\"o:0;st:w;\"\n\t\t\t\t\t\t\t\tstyle=\"z-index:8;font-family:Raleway;\"\n\t\t\t\t\t\t\t>UCEDA \n\t\t\t\t\t\t\t<\/rs-layer><!--\n\n\t\t\t\t\t\t\t--><rs-layer\n\t\t\t\t\t\t\t\tid=\"slider-24-slide-54-layer-3\" \n\t\t\t\t\t\t\t\tdata-type=\"image\"\n\t\t\t\t\t\t\t\tdata-rsp_ch=\"on\"\n\t\t\t\t\t\t\t\tdata-xy=\"xo:610px,610px,444px,222px;yo:-6px,-6px,0,-2px;\"\n\t\t\t\t\t\t\t\tdata-text=\"w:normal;s:20,20,15,9;l:0,0,18,11;\"\n\t\t\t\t\t\t\t\tdata-dim=\"w:405px,405px,326px,267px;h:600px,600px,483px,396px;\"\n\t\t\t\t\t\t\t\tdata-frame_0=\"x:right;\"\n\t\t\t\t\t\t\t\tdata-frame_1=\"sp:1000;\"\n\t\t\t\t\t\t\t\tdata-frame_999=\"o:0;st:w;\"\n\t\t\t\t\t\t\t\tstyle=\"z-index:9;\"\n\t\t\t\t\t\t\t><img decoding=\"async\" src=\"\/\/uceda.org\/wp-content\/uploads\/2021\/06\/uceda_experience_top_women.png\" width=\"405\" height=\"600\" data-no-retina> \n\t\t\t\t\t\t\t<\/rs-layer><!--\n\n\t\t\t\t\t\t\t--><rs-layer\n\t\t\t\t\t\t\t\tid=\"slider-24-slide-54-layer-4\" \n\t\t\t\t\t\t\t\tdata-type=\"text\"\n\t\t\t\t\t\t\t\tdata-color=\"#fecb40\"\n\t\t\t\t\t\t\t\tdata-tsh=\"c:rgba(0,0,0,0.43);h:3px,3px,2px,1px;v:3px,3px,2px,1px;b:5px,5px,3px,1px;\"\n\t\t\t\t\t\t\t\tdata-rsp_ch=\"on\"\n\t\t\t\t\t\t\t\tdata-xy=\"xo:52px,48px,35px,19px;yo:127px,131px,91px,122px;\"\n\t\t\t\t\t\t\t\tdata-text=\"w:normal;s:92,89,72,44;l:101,98,79,47;ls:4,4,3,1;fw:700;\"\n\t\t\t\t\t\t\t\tdata-dim=\"minh:0,none,none,none;\"\n\t\t\t\t\t\t\t\tdata-frame_0=\"x:58px,56px,45px,26px;\"\n\t\t\t\t\t\t\t\tdata-frame_1=\"sp:1000;\"\n\t\t\t\t\t\t\t\tdata-frame_999=\"o:0;st:w;\"\n\t\t\t\t\t\t\t\tstyle=\"z-index:10;font-family:Dancing Script;font-style:italic;\"\n\t\t\t\t\t\t\t>La Experiencia \n\t\t\t\t\t\t\t<\/rs-layer><!--\n-->\t\t\t\t\t\t<\/rs-slide>\n\t\t\t\t\t<\/rs-slides>\n\t\t\t\t<\/rs-module>\n\t\t\t\t<script type=\"text\/javascript\">\n\t\t\t\t\tsetREVStartSize({c: 'rev_slider_24_1',rl:[1240,1024,778,480],el:[600,600,500,400],gw:[1024,1024,778,480],gh:[600,600,500,400],type:'standard',justify:'',layout:'fullwidth',mh:\"0\"});\n\t\t\t\t\tvar\trevapi24,\n\t\t\t\t\t\ttpj;\n\t\t\t\t\tfunction revinit_revslider241() {\n\t\t\t\t\tjQuery(function() {\n\t\t\t\t\t\ttpj = jQuery;\n\t\t\t\t\t\trevapi24 = tpj(\"#rev_slider_24_1\");\n\t\t\t\t\t\tif(revapi24==undefined || revapi24.revolution == undefined){\n\t\t\t\t\t\t\trevslider_showDoubleJqueryError(\"rev_slider_24_1\");\n\t\t\t\t\t\t}else{\n\t\t\t\t\t\t\trevapi24.revolution({\n\t\t\t\t\t\t\t\tsliderLayout:\"fullwidth\",\n\t\t\t\t\t\t\t\tvisibilityLevels:\"1240,1024,778,480\",\n\t\t\t\t\t\t\t\tgridwidth:\"1024,1024,778,480\",\n\t\t\t\t\t\t\t\tgridheight:\"600,600,500,400\",\n\t\t\t\t\t\t\t\tspinner:\"spinner0\",\n\t\t\t\t\t\t\t\tperspective:600,\n\t\t\t\t\t\t\t\tperspectiveType:\"global\",\n\t\t\t\t\t\t\t\teditorheight:\"600,600,500,400\",\n\t\t\t\t\t\t\t\tresponsiveLevels:\"1240,1024,778,480\",\n\t\t\t\t\t\t\t\tprogressBar:{disableProgressBar:true},\n\t\t\t\t\t\t\t\tnavigation: {\n\t\t\t\t\t\t\t\t\tonHoverStop:false\n\t\t\t\t\t\t\t\t},\n\t\t\t\t\t\t\t\tparallax: {\n\t\t\t\t\t\t\t\t\tlevels:[5,10,15,20,25,30,35,40,45,46,47,48,49,50,51,30],\n\t\t\t\t\t\t\t\t\ttype:\"3D\",\n\t\t\t\t\t\t\t\t\torigo:\"slidercenter\",\n\t\t\t\t\t\t\t\t\tspeed:0,\n\t\t\t\t\t\t\t\t\tddd_z_correction:65\n\t\t\t\t\t\t\t\t},\n\t\t\t\t\t\t\t\tfallbacks: {\n\t\t\t\t\t\t\t\t\tallowHTML5AutoPlayOnAndroid:true\n\t\t\t\t\t\t\t\t},\n\t\t\t\t\t\t\t});\n\t\t\t\t\t\t}\n\t\t\t\t\t\t\n\t\t\t\t\t});\n\t\t\t\t\t} \/\/ End of RevInitScript\n\t\t\t\tvar once_revslider241 = false;\n\t\t\t\tif (document.readyState === \"loading\") {document.addEventListener('readystatechange',function() { if((document.readyState === \"interactive\" || document.readyState === \"complete\") && !once_revslider241 ) { once_revslider241 = true; revinit_revslider241();}});} else {once_revslider241 = true; revinit_revslider241();}\n\t\t\t\t<\/script>\n\t\t\t<\/rs-module-wrap>\n\t\t\t<!-- END REVOLUTION SLIDER -->\n[\/vc_column][\/vc_row][vc_row css=\u00bb.vc_custom_1621207227385{margin-top: 65px !important;margin-right: 0px !important;margin-bottom: 0px !important;margin-left: 0px !important;}\u00bb][vc_column width=\u00bb1\/6&#8243;][\/vc_column][vc_column width=\u00bb2\/3&#8243;][vc_custom_heading text=\u00bb\u00bfQu\u00e9 dicen de UCEDA?\u00bb font_container=\u00bbtag:h2|font_size:55px|text_align:center|color:%23545454&#8243; google_fonts=\u00bbfont_family:Raleway%3A100%2C200%2C300%2Cregular%2C500%2C600%2C700%2C800%2C900|font_style:700%20bold%20regular%3A700%3Anormal\u00bb css_animation=\u00bbbounceInDown\u00bb][\/vc_column][vc_column width=\u00bb1\/6&#8243;][\/vc_column][\/vc_row][vc_row content_placement=\u00bbmiddle\u00bb css=\u00bb.vc_custom_1621218450968{margin-top: 80px !important;margin-right: 0px !important;margin-bottom: 0px !important;margin-left: 0px !important;}\u00bb][vc_column]<div class=\"eltdf-elements-holder   eltdf-one-column  eltdf-responsive-mode-768 eltdf-one-column-alignment-center  \" ><div class=\"eltdf-eh-item   eltdf-horizontal-alignment-center  \"  data-item-class=\"eltdf-eh-custom-8762\" data-769-1024=\"0 0\" data-681-768=\"0 0\" data-680=\"40px 0 0 0\">\n\t<div class=\"eltdf-eh-item-inner\">\n\t\t<div class=\"eltdf-eh-item-content eltdf-eh-custom-8762\" >\n\t\t\t<div class=\"eltdf-video-button-holder  eltdf-vb-has-img\">\n\t<div class=\"eltdf-video-button-image\">\n\t\t<img decoding=\"async\" width=\"920\" height=\"307\" src=\"https:\/\/uceda.org\/wp-content\/uploads\/2021\/06\/video_UCEDA_experience_01.jpg\" class=\"attachment-full size-full\" alt=\"\" srcset=\"https:\/\/uceda.org\/wp-content\/uploads\/2021\/06\/video_UCEDA_experience_01.jpg 920w, https:\/\/uceda.org\/wp-content\/uploads\/2021\/06\/video_UCEDA_experience_01-300x100.jpg 300w, https:\/\/uceda.org\/wp-content\/uploads\/2021\/06\/video_UCEDA_experience_01-768x256.jpg 768w\" sizes=\"(max-width: 920px) 100vw, 920px\" \/>\t<\/div>\n\t\t\t<a class=\"eltdf-video-button-play-image eltdf-vb-has-hover-image\" href=\"https:\/\/www.youtube.com\/watch?v=Y4bMz9x81zA\" data-rel=\"prettyPhoto[video_button_pretty_photo_122]\">\n\t\t\t<span class=\"eltdf-video-button-play-inner\">\n\t\t\t\t<img loading=\"lazy\" decoding=\"async\" width=\"99\" height=\"99\" src=\"https:\/\/uceda.org\/wp-content\/uploads\/2021\/05\/play_video_uceda_02.png\" class=\"attachment-full size-full\" alt=\"\" \/>\t\t\t\t\t\t\t\t\t<img loading=\"lazy\" decoding=\"async\" width=\"97\" height=\"97\" src=\"https:\/\/uceda.org\/wp-content\/uploads\/2021\/05\/play_video_uceda_over_02.png\" class=\"attachment-full size-full\" alt=\"\" \/>\t\t\t\t\t\t\t<\/span>\n\t\t<\/a>\n\t<\/div>\t\t<\/div>\n\t<\/div>\n<\/div><\/div>[\/vc_column][\/vc_row][vc_row row_content_width=\u00bbgrid\u00bb css=\u00bb.vc_custom_1624333503584{margin-top: 65px !important;margin-right: 0px !important;margin-bottom: 0px !important;margin-left: 0px !important;}\u00bb][vc_column width=\u00bb1\/4&#8243;][vc_single_image image=\u00bb4690&#8243; img_size=\u00bbfull\u00bb alignment=\u00bbright\u00bb css_animation=\u00bbfadeInDown\u00bb][\/vc_column][vc_column width=\u00bb3\/4&#8243;][vc_column_text css=\u00bb.vc_custom_1624362346396{margin-top: 20px !important;margin-right: 100px !important;margin-bottom: 0px !important;margin-left: 0px !important;}\u00bb]<\/p>\n<p style=\"text-align: left;\"><span style=\"font-weight: 400;\">\u201cSoy de Nicaragua y vine a los EE. UU. Hace unos 10 a\u00f1os. No ten\u00eda ninguna habilidad en ingl\u00e9s, apenas sab\u00eda decir hola. Tuve la suerte de encontrar el Instituto UCEDA que ayuda a inmigrantes que quieren aprender ingl\u00e9s y triunfar en este pa\u00eds\u00bb<\/span><\/p>\n<p><strong>Carlos Chavarria, Dentista<\/strong>[\/vc_column_text][\/vc_column][\/vc_row][vc_row row_content_width=\u00bbgrid\u00bb][vc_column][vc_empty_space][vc_text_separator title=\u00bb\u00bb color=\u00bborange\u00bb][vc_empty_space][\/vc_column][\/vc_row][vc_row row_content_width=\u00bbgrid\u00bb css=\u00bb.vc_custom_1624333503584{margin-top: 65px !important;margin-right: 0px !important;margin-bottom: 0px !important;margin-left: 0px !important;}\u00bb][vc_column width=\u00bb3\/4&#8243;][vc_column_text css=\u00bb.vc_custom_1628623109657{margin-top: 20px !important;margin-right: 0px !important;margin-bottom: 0px !important;margin-left: 100px !important;}\u00bb]<\/p>\n<p style=\"text-align: right;\"><span style=\"font-weight: 400;\">\u201cEl programa virtual de UCEDA Institute me ha permitido aprender Ingl\u00e9s de manera online a pesar de vivir en otro pa\u00eds. Estoy muy contenta de haber tomado esta decisi\u00f3n porque tengo muy buenos profesores que se preocupan por mi aprendizaje.\u201d<\/span><\/p>\n<p style=\"text-align: right;\"><strong>Emely Guerrero, Venezuela<\/strong><\/p>\n<p>[\/vc_column_text][\/vc_column][vc_column width=\u00bb1\/4&#8243;][vc_single_image image=\u00bb4693&#8243; img_size=\u00bbfull\u00bb css_animation=\u00bbfadeInDown\u00bb][\/vc_column][\/vc_row][vc_row row_content_width=\u00bbgrid\u00bb][vc_column][vc_empty_space][vc_text_separator title=\u00bb\u00bb color=\u00bborange\u00bb][vc_empty_space][\/vc_column][\/vc_row][vc_row row_content_width=\u00bbgrid\u00bb css=\u00bb.vc_custom_1624333503584{margin-top: 65px !important;margin-right: 0px !important;margin-bottom: 0px !important;margin-left: 0px !important;}\u00bb][vc_column width=\u00bb1\/4&#8243;][vc_single_image image=\u00bb4696&#8243; img_size=\u00bbfull\u00bb alignment=\u00bbright\u00bb css_animation=\u00bbfadeInDown\u00bb][\/vc_column][vc_column width=\u00bb3\/4&#8243;][vc_column_text css=\u00bb.vc_custom_1624362836995{margin-top: 20px !important;margin-right: 100px !important;margin-bottom: 0px !important;margin-left: 0px !important;}\u00bb]<\/p>\n<p style=\"text-align: left;\"><span style=\"font-weight: 400;\">\u201cVine a los Estados Unidos hace 3 a\u00f1os desde mi pa\u00eds porque quiero aprender ingl\u00e9s. Ni siquiera sab\u00eda el alfabeto, por eso comenc\u00e9 a estudiar en el Instituto UCEDA del Nivel 0 al Nivel 12. Gracias a esta experiencia pude iniciar una carrera profesional\u00bb<\/span><\/p>\n<p><strong>Eduard Koleda, Bielorrusia<\/strong>[\/vc_column_text][\/vc_column][\/vc_row][vc_row row_content_width=\u00bbgrid\u00bb][vc_column][vc_empty_space][vc_text_separator title=\u00bb\u00bb color=\u00bborange\u00bb][vc_empty_space][\/vc_column][\/vc_row][vc_row content_placement=\u00bbmiddle\u00bb css=\u00bb.vc_custom_1621218450968{margin-top: 80px !important;margin-right: 0px !important;margin-bottom: 0px !important;margin-left: 0px !important;}\u00bb][vc_column]<div class=\"eltdf-elements-holder   eltdf-one-column  eltdf-responsive-mode-768 eltdf-one-column-alignment-center  \" ><div class=\"eltdf-eh-item   eltdf-horizontal-alignment-center  \"  data-item-class=\"eltdf-eh-custom-4462\" data-769-1024=\"0 0\" data-681-768=\"0 0\" data-680=\"40px 0 0 0\">\n\t<div class=\"eltdf-eh-item-inner\">\n\t\t<div class=\"eltdf-eh-item-content eltdf-eh-custom-4462\" >\n\t\t\t<div class=\"eltdf-video-button-holder  eltdf-vb-has-img\">\n\t<div class=\"eltdf-video-button-image\">\n\t\t<img loading=\"lazy\" decoding=\"async\" width=\"920\" height=\"307\" src=\"https:\/\/uceda.org\/wp-content\/uploads\/2021\/06\/video_UCEDA_experience_02.jpg\" class=\"attachment-full size-full\" alt=\"\" srcset=\"https:\/\/uceda.org\/wp-content\/uploads\/2021\/06\/video_UCEDA_experience_02.jpg 920w, https:\/\/uceda.org\/wp-content\/uploads\/2021\/06\/video_UCEDA_experience_02-300x100.jpg 300w, https:\/\/uceda.org\/wp-content\/uploads\/2021\/06\/video_UCEDA_experience_02-768x256.jpg 768w\" sizes=\"(max-width: 920px) 100vw, 920px\" \/>\t<\/div>\n\t\t\t<a class=\"eltdf-video-button-play-image eltdf-vb-has-hover-image\" href=\"https:\/\/www.youtube.com\/watch?v=BPdyghWTlKo\" data-rel=\"prettyPhoto[video_button_pretty_photo_705]\">\n\t\t\t<span class=\"eltdf-video-button-play-inner\">\n\t\t\t\t<img loading=\"lazy\" decoding=\"async\" width=\"99\" height=\"99\" src=\"https:\/\/uceda.org\/wp-content\/uploads\/2021\/05\/play_video_uceda_02.png\" class=\"attachment-full size-full\" alt=\"\" \/>\t\t\t\t\t\t\t\t\t<img loading=\"lazy\" decoding=\"async\" width=\"97\" height=\"97\" src=\"https:\/\/uceda.org\/wp-content\/uploads\/2021\/05\/play_video_uceda_over_02.png\" class=\"attachment-full size-full\" alt=\"\" \/>\t\t\t\t\t\t\t<\/span>\n\t\t<\/a>\n\t<\/div>\t\t<\/div>\n\t<\/div>\n<\/div><\/div>[\/vc_column][\/vc_row][vc_row][vc_column][vc_empty_space height=\u00bb62px\u00bb][\/vc_column][\/vc_row]<\/p>\n","protected":false},"excerpt":{"rendered":"<p>[vc_row][vc_column][\/vc_column][\/vc_row][vc_row css=\u00bb.vc_custom_1621207227385{margin-top: 65px !important;margin-right: 0px !important;margin-bottom: 0px !important;margin-left: 0px !important;}\u00bb][vc_column width=\u00bb1\/6&#8243;][\/vc_column][vc_column width=\u00bb2\/3&#8243;][vc_custom_heading text=\u00bb\u00bfQu\u00e9 dicen de UCEDA?\u00bb font_container=\u00bbtag:h2|font_size:55px|text_align:center|color:%23545454&#8243; google_fonts=\u00bbfont_family:Raleway%3A100%2C200%2C300%2Cregular%2C500%2C600%2C700%2C800%2C900|font_style:700%20bold%20regular%3A700%3Anormal\u00bb css_animation=\u00bbbounceInDown\u00bb][\/vc_column][vc_column width=\u00bb1\/6&#8243;][\/vc_column][\/vc_row][vc_row content_placement=\u00bbmiddle\u00bb css=\u00bb.vc_custom_1621218450968{margin-top: 80px !important;margin-right: 0px !important;margin-bottom: 0px !important;margin-left: 0px !important;}\u00bb][vc_column][\/vc_column][\/vc_row][vc_row row_content_width=\u00bbgrid\u00bb css=\u00bb.vc_custom_1624333503584{margin-top: 65px !important;margin-right: 0px !important;margin-bottom: 0px !important;margin-left: 0px !important;}\u00bb][vc_column width=\u00bb1\/4&#8243;][vc_single_image image=\u00bb4690&#8243; img_size=\u00bbfull\u00bb alignment=\u00bbright\u00bb css_animation=\u00bbfadeInDown\u00bb][\/vc_column][vc_column width=\u00bb3\/4&#8243;][vc_column_text css=\u00bb.vc_custom_1624362346396{margin-top: 20px !important;margin-right: 100px !important;margin-bottom: 0px !important;margin-left: 0px !important;}\u00bb] \u201cSoy [&hellip;]<\/p>\n","protected":false},"author":1,"featured_media":0,"parent":0,"menu_order":0,"comment_status":"closed","ping_status":"closed","template":"full-width.php","meta":{"_EventAllDay":false,"_EventTimezone":"","_EventStartDate":"","_EventEndDate":"","_EventStartDateUTC":"","_EventEndDateUTC":"","_EventShowMap":false,"_EventShowMapLink":false,"_EventURL":"","_EventCost":"","_EventCostDescription":"","_EventCurrencySymbol":"","_EventCurrencyCode":"","_EventCurrencyPosition":"","_EventDateTimeSeparator":"","_EventTimeRangeSeparator":"","_EventOrganizerID":[],"_EventVenueID":[],"_OrganizerEmail":"","_OrganizerPhone":"","_OrganizerWebsite":"","_VenueAddress":"","_VenueCity":"","_VenueCountry":"","_VenueProvince":"","_VenueState":"","_VenueZip":"","_VenuePhone":"","_VenueURL":"","_VenueStateProvince":"","_VenueLat":"","_VenueLng":"","_VenueShowMap":false,"_VenueShowMapLink":false,"footnotes":""},"class_list":["post-5086","page","type-page","status-publish","hentry"],"yoast_head":"<!-- This site is optimized with the Yoast SEO plugin v27.4 - https:\/\/yoast.com\/product\/yoast-seo-wordpress\/ -->\n<title>Experiencia Uceda - UCEDA Institute<\/title>\n<meta name=\"robots\" content=\"index, follow, max-snippet:-1, max-image-preview:large, max-video-preview:-1\" \/>\n<link rel=\"canonical\" href=\"https:\/\/uceda.org\/es\/experiencia-uceda\/\" \/>\n<meta property=\"og:locale\" content=\"es_ES\" \/>\n<meta property=\"og:type\" content=\"article\" \/>\n<meta property=\"og:title\" content=\"Experiencia Uceda - UCEDA Institute\" \/>\n<meta property=\"og:description\" content=\"[vc_row][vc_column][\/vc_column][\/vc_row][vc_row css=\u00bb.vc_custom_1621207227385{margin-top: 65px !important;margin-right: 0px !important;margin-bottom: 0px !important;margin-left: 0px !important;}\u00bb][vc_column width=\u00bb1\/6&#8243;][\/vc_column][vc_column width=\u00bb2\/3&#8243;][vc_custom_heading text=\u00bb\u00bfQu\u00e9 dicen de UCEDA?\u00bb font_container=\u00bbtag:h2|font_size:55px|text_align:center|color:%23545454&#8243; google_fonts=\u00bbfont_family:Raleway%3A100%2C200%2C300%2Cregular%2C500%2C600%2C700%2C800%2C900|font_style:700%20bold%20regular%3A700%3Anormal\u00bb css_animation=\u00bbbounceInDown\u00bb][\/vc_column][vc_column width=\u00bb1\/6&#8243;][\/vc_column][\/vc_row][vc_row content_placement=\u00bbmiddle\u00bb css=\u00bb.vc_custom_1621218450968{margin-top: 80px !important;margin-right: 0px !important;margin-bottom: 0px !important;margin-left: 0px !important;}\u00bb][vc_column][\/vc_column][\/vc_row][vc_row row_content_width=\u00bbgrid\u00bb css=\u00bb.vc_custom_1624333503584{margin-top: 65px !important;margin-right: 0px !important;margin-bottom: 0px !important;margin-left: 0px !important;}\u00bb][vc_column width=\u00bb1\/4&#8243;][vc_single_image image=\u00bb4690&#8243; img_size=\u00bbfull\u00bb alignment=\u00bbright\u00bb css_animation=\u00bbfadeInDown\u00bb][\/vc_column][vc_column width=\u00bb3\/4&#8243;][vc_column_text css=\u00bb.vc_custom_1624362346396{margin-top: 20px !important;margin-right: 100px !important;margin-bottom: 0px !important;margin-left: 0px !important;}\u00bb] \u201cSoy [&hellip;]\" \/>\n<meta property=\"og:url\" content=\"https:\/\/uceda.org\/es\/experiencia-uceda\/\" \/>\n<meta property=\"og:site_name\" content=\"UCEDA Institute\" \/>\n<meta property=\"article:publisher\" content=\"https:\/\/www.facebook.com\/ucedainstitute\/\" \/>\n<meta property=\"article:modified_time\" content=\"2021-08-10T19:18:35+00:00\" \/>\n<meta name=\"twitter:card\" content=\"summary_large_image\" \/>\n<meta name=\"twitter:label1\" content=\"Tiempo de lectura\" \/>\n\t<meta name=\"twitter:data1\" content=\"4 minutos\" \/>\n<script type=\"application\/ld+json\" class=\"yoast-schema-graph\">{\"@context\":\"https:\\\/\\\/schema.org\",\"@graph\":[{\"@type\":\"WebPage\",\"@id\":\"https:\\\/\\\/uceda.org\\\/es\\\/experiencia-uceda\\\/\",\"url\":\"https:\\\/\\\/uceda.org\\\/es\\\/experiencia-uceda\\\/\",\"name\":\"Experiencia Uceda - UCEDA Institute\",\"isPartOf\":{\"@id\":\"https:\\\/\\\/uceda.org\\\/#website\"},\"datePublished\":\"2021-06-22T03:16:38+00:00\",\"dateModified\":\"2021-08-10T19:18:35+00:00\",\"breadcrumb\":{\"@id\":\"https:\\\/\\\/uceda.org\\\/es\\\/experiencia-uceda\\\/#breadcrumb\"},\"inLanguage\":\"es\",\"potentialAction\":[{\"@type\":\"ReadAction\",\"target\":[\"https:\\\/\\\/uceda.org\\\/es\\\/experiencia-uceda\\\/\"]}]},{\"@type\":\"BreadcrumbList\",\"@id\":\"https:\\\/\\\/uceda.org\\\/es\\\/experiencia-uceda\\\/#breadcrumb\",\"itemListElement\":[{\"@type\":\"ListItem\",\"position\":1,\"name\":\"Home\",\"item\":\"https:\\\/\\\/uceda.org\\\/es\\\/\"},{\"@type\":\"ListItem\",\"position\":2,\"name\":\"Experiencia Uceda\"}]},{\"@type\":\"WebSite\",\"@id\":\"https:\\\/\\\/uceda.org\\\/#website\",\"url\":\"https:\\\/\\\/uceda.org\\\/\",\"name\":\"UCEDA Institute\",\"description\":\"Aprende Ingl\u00e9s\",\"publisher\":{\"@id\":\"https:\\\/\\\/uceda.org\\\/#organization\"},\"potentialAction\":[{\"@type\":\"SearchAction\",\"target\":{\"@type\":\"EntryPoint\",\"urlTemplate\":\"https:\\\/\\\/uceda.org\\\/?s={search_term_string}\"},\"query-input\":{\"@type\":\"PropertyValueSpecification\",\"valueRequired\":true,\"valueName\":\"search_term_string\"}}],\"inLanguage\":\"es\"},{\"@type\":\"Organization\",\"@id\":\"https:\\\/\\\/uceda.org\\\/#organization\",\"name\":\"Uceda Institute\",\"url\":\"https:\\\/\\\/uceda.org\\\/\",\"logo\":{\"@type\":\"ImageObject\",\"inLanguage\":\"es\",\"@id\":\"https:\\\/\\\/uceda.org\\\/#\\\/schema\\\/logo\\\/image\\\/\",\"url\":\"https:\\\/\\\/uceda.org\\\/wp-content\\\/uploads\\\/2021\\\/08\\\/big-logo-scaled.jpg\",\"contentUrl\":\"https:\\\/\\\/uceda.org\\\/wp-content\\\/uploads\\\/2021\\\/08\\\/big-logo-scaled.jpg\",\"width\":2560,\"height\":803,\"caption\":\"Uceda Institute\"},\"image\":{\"@id\":\"https:\\\/\\\/uceda.org\\\/#\\\/schema\\\/logo\\\/image\\\/\"},\"sameAs\":[\"https:\\\/\\\/www.facebook.com\\\/ucedainstitute\\\/\",\"https:\\\/\\\/www.instagram.com\\\/ucedaonline\\\/?hl=en\"]}]}<\/script>\n<!-- \/ Yoast SEO plugin. -->","yoast_head_json":{"title":"Experiencia Uceda - UCEDA Institute","robots":{"index":"index","follow":"follow","max-snippet":"max-snippet:-1","max-image-preview":"max-image-preview:large","max-video-preview":"max-video-preview:-1"},"canonical":"https:\/\/uceda.org\/es\/experiencia-uceda\/","og_locale":"es_ES","og_type":"article","og_title":"Experiencia Uceda - UCEDA Institute","og_description":"[vc_row][vc_column][\/vc_column][\/vc_row][vc_row css=\u00bb.vc_custom_1621207227385{margin-top: 65px !important;margin-right: 0px !important;margin-bottom: 0px !important;margin-left: 0px !important;}\u00bb][vc_column width=\u00bb1\/6&#8243;][\/vc_column][vc_column width=\u00bb2\/3&#8243;][vc_custom_heading text=\u00bb\u00bfQu\u00e9 dicen de UCEDA?\u00bb font_container=\u00bbtag:h2|font_size:55px|text_align:center|color:%23545454&#8243; google_fonts=\u00bbfont_family:Raleway%3A100%2C200%2C300%2Cregular%2C500%2C600%2C700%2C800%2C900|font_style:700%20bold%20regular%3A700%3Anormal\u00bb css_animation=\u00bbbounceInDown\u00bb][\/vc_column][vc_column width=\u00bb1\/6&#8243;][\/vc_column][\/vc_row][vc_row content_placement=\u00bbmiddle\u00bb css=\u00bb.vc_custom_1621218450968{margin-top: 80px !important;margin-right: 0px !important;margin-bottom: 0px !important;margin-left: 0px !important;}\u00bb][vc_column][\/vc_column][\/vc_row][vc_row row_content_width=\u00bbgrid\u00bb css=\u00bb.vc_custom_1624333503584{margin-top: 65px !important;margin-right: 0px !important;margin-bottom: 0px !important;margin-left: 0px !important;}\u00bb][vc_column width=\u00bb1\/4&#8243;][vc_single_image image=\u00bb4690&#8243; img_size=\u00bbfull\u00bb alignment=\u00bbright\u00bb css_animation=\u00bbfadeInDown\u00bb][\/vc_column][vc_column width=\u00bb3\/4&#8243;][vc_column_text css=\u00bb.vc_custom_1624362346396{margin-top: 20px !important;margin-right: 100px !important;margin-bottom: 0px !important;margin-left: 0px !important;}\u00bb] \u201cSoy [&hellip;]","og_url":"https:\/\/uceda.org\/es\/experiencia-uceda\/","og_site_name":"UCEDA Institute","article_publisher":"https:\/\/www.facebook.com\/ucedainstitute\/","article_modified_time":"2021-08-10T19:18:35+00:00","twitter_card":"summary_large_image","twitter_misc":{"Tiempo de lectura":"4 minutos"},"schema":{"@context":"https:\/\/schema.org","@graph":[{"@type":"WebPage","@id":"https:\/\/uceda.org\/es\/experiencia-uceda\/","url":"https:\/\/uceda.org\/es\/experiencia-uceda\/","name":"Experiencia Uceda - UCEDA Institute","isPartOf":{"@id":"https:\/\/uceda.org\/#website"},"datePublished":"2021-06-22T03:16:38+00:00","dateModified":"2021-08-10T19:18:35+00:00","breadcrumb":{"@id":"https:\/\/uceda.org\/es\/experiencia-uceda\/#breadcrumb"},"inLanguage":"es","potentialAction":[{"@type":"ReadAction","target":["https:\/\/uceda.org\/es\/experiencia-uceda\/"]}]},{"@type":"BreadcrumbList","@id":"https:\/\/uceda.org\/es\/experiencia-uceda\/#breadcrumb","itemListElement":[{"@type":"ListItem","position":1,"name":"Home","item":"https:\/\/uceda.org\/es\/"},{"@type":"ListItem","position":2,"name":"Experiencia Uceda"}]},{"@type":"WebSite","@id":"https:\/\/uceda.org\/#website","url":"https:\/\/uceda.org\/","name":"UCEDA Institute","description":"Aprende Ingl\u00e9s","publisher":{"@id":"https:\/\/uceda.org\/#organization"},"potentialAction":[{"@type":"SearchAction","target":{"@type":"EntryPoint","urlTemplate":"https:\/\/uceda.org\/?s={search_term_string}"},"query-input":{"@type":"PropertyValueSpecification","valueRequired":true,"valueName":"search_term_string"}}],"inLanguage":"es"},{"@type":"Organization","@id":"https:\/\/uceda.org\/#organization","name":"Uceda Institute","url":"https:\/\/uceda.org\/","logo":{"@type":"ImageObject","inLanguage":"es","@id":"https:\/\/uceda.org\/#\/schema\/logo\/image\/","url":"https:\/\/uceda.org\/wp-content\/uploads\/2021\/08\/big-logo-scaled.jpg","contentUrl":"https:\/\/uceda.org\/wp-content\/uploads\/2021\/08\/big-logo-scaled.jpg","width":2560,"height":803,"caption":"Uceda Institute"},"image":{"@id":"https:\/\/uceda.org\/#\/schema\/logo\/image\/"},"sameAs":["https:\/\/www.facebook.com\/ucedainstitute\/","https:\/\/www.instagram.com\/ucedaonline\/?hl=en"]}]}},"_links":{"self":[{"href":"https:\/\/uceda.org\/es\/wp-json\/wp\/v2\/pages\/5086","targetHints":{"allow":["GET"]}}],"collection":[{"href":"https:\/\/uceda.org\/es\/wp-json\/wp\/v2\/pages"}],"about":[{"href":"https:\/\/uceda.org\/es\/wp-json\/wp\/v2\/types\/page"}],"author":[{"embeddable":true,"href":"https:\/\/uceda.org\/es\/wp-json\/wp\/v2\/users\/1"}],"replies":[{"embeddable":true,"href":"https:\/\/uceda.org\/es\/wp-json\/wp\/v2\/comments?post=5086"}],"version-history":[{"count":5,"href":"https:\/\/uceda.org\/es\/wp-json\/wp\/v2\/pages\/5086\/revisions"}],"predecessor-version":[{"id":6610,"href":"https:\/\/uceda.org\/es\/wp-json\/wp\/v2\/pages\/5086\/revisions\/6610"}],"wp:attachment":[{"href":"https:\/\/uceda.org\/es\/wp-json\/wp\/v2\/media?parent=5086"}],"curies":[{"name":"wp","href":"https:\/\/api.w.org\/{rel}","templated":true}]}}