{"id":3683,"date":"2021-05-30T18:36:54","date_gmt":"2021-05-30T23:36:54","guid":{"rendered":"https:\/\/website.uceda.org\/?page_id=3683"},"modified":"2022-02-02T13:53:45","modified_gmt":"2022-02-02T18:53:45","slug":"ciudadania-americana","status":"publish","type":"page","link":"https:\/\/uceda.org\/es\/ciudadania-americana\/","title":{"rendered":"Ciudadan\u00eda Americana"},"content":{"rendered":"<p>[vc_row content_placement=\u00bbmiddle\u00bb row_content_width=\u00bbgrid\u00bb css=\u00bb.vc_custom_1622417668540{margin-top: 100px !important;margin-bottom: 250px !important;}\u00bb parallax_background_image=\u00bb3673&#8243;][vc_column][vc_custom_heading text=\u00bbCiudadan\u00eda Americana\u00bb font_container=\u00bbtag:h2|font_size:65px|text_align:left|color:%23ffffff|line_height:55px\u00bb google_fonts=\u00bbfont_family:Raleway%3A100%2C200%2C300%2Cregular%2C500%2C600%2C700%2C800%2C900|font_style:800%20bold%20regular%3A800%3Anormal\u00bb][vc_single_image image=\u00bb3413&#8243;][vc_custom_heading text=\u00bbPREP\u00c1RATE PARA TU EXAMEN CON NOSOTROS\u00bb font_container=\u00bbtag:h2|font_size:40px|text_align:left|color:%23ffffff|line_height:30px\u00bb google_fonts=\u00bbfont_family:Raleway%3A100%2C200%2C300%2Cregular%2C500%2C600%2C700%2C800%2C900|font_style:300%20light%20regular%3A300%3Anormal\u00bb][\/vc_column][\/vc_row][vc_row row_content_width=\u00bbgrid\u00bb css=\u00bb.vc_custom_1622381038429{padding-top: 50px !important;padding-right: 8px !important;padding-bottom: 50px !important;padding-left: 8px !important;}\u00bb][vc_column width=\u00bb1\/2&#8243;][vc_column_text css=\u00bb.vc_custom_1628573920509{margin-top: 40px !important;margin-bottom: 0px !important;}\u00bb]<\/p>\n<p style=\"text-align: justify;\"><span style=\"font-weight: 400;\">En nuestro curso de preparaci\u00f3n para obtener la ciudadan\u00eda americana, obtendr\u00e1s todas las herramientas para presentar la \u00faltima versi\u00f3n del examen.<\/span><\/p>\n<p style=\"text-align: justify;\"><span style=\"font-weight: 400;\">Aprender\u00e1s sobre historia y pol\u00edtica americana, adem\u00e1s de practicar para hacer tu entrevista en Ingl\u00e9s.<\/span><\/p>\n<p style=\"text-align: justify;\"><span style=\"font-weight: 400;\">Disponible en modalidad online y presencial.<\/span><\/p>\n<p style=\"text-align: justify;\"><span style=\"font-weight: 400;\">Cont\u00e1ctanos!\u00a0<\/span><\/p>\n<p>[\/vc_column_text][vc_column_text]<strong>Como ciudadano puedes realizar lo siguiente:<\/strong><\/p>\n<p><b>Votar.<\/b><\/p>\n<p><span style=\"font-weight: 400;\">Solo los ciudadanos pueden votar en las elecciones federales. La mayor\u00eda de los estados tambi\u00e9n restringen el derecho al voto, en la mayor\u00eda de las elecciones, a los ciudadanos estadounidenses.<\/span><\/p>\n<p><b>Servir en un jurado.<\/b><\/p>\n<p><span style=\"font-weight: 400;\">Solo los ciudadanos estadounidenses pueden formar parte de un jurado federal. La mayor\u00eda de los estados tambi\u00e9n restringen el servicio de jurado a los ciudadanos estadounidenses. Ser parte de un jurado es una responsabilidad importante para los ciudadanos estadounidenses.<\/span><\/p>\n<p><b>Viajar con pasaporte estadounidense.<\/b><\/p>\n<p><span style=\"font-weight: 400;\">Un pasaporte de los EE. UU. Le permite obtener asistencia del gobierno de los EE. UU. Cuando est\u00e1 en el extranjero, si es necesario.<\/span><\/p>\n<p><b>Traer miembros de la familia a los EE.UU.<\/b><\/p>\n<ol>\n<li><span style=\"font-weight: 400;\"> Los ciudadanos estadounidenses generalmente tienen prioridad cuando solicitan traer miembros de la familia de forma permanente a este pa\u00eds.<\/span><\/li>\n<\/ol>\n<p><b>Obtener la ciudadan\u00eda para menores de 18 a\u00f1os.<\/b><\/p>\n<p><span style=\"font-weight: 400;\">En la mayor\u00eda de los casos, un ni\u00f1o nacido en el extranjero de un ciudadano estadounidense es autom\u00e1ticamente ciudadano estadounidense.<\/span><\/p>\n<p><b>Solicite trabajos federales.<\/b><\/p>\n<p><span style=\"font-weight: 400;\">Ciertos trabajos con agencias gubernamentales requieren la ciudadan\u00eda estadounidense.<\/span><\/p>\n<p><b>Convi\u00e9rtete en un funcionario electo.<\/b><\/p>\n<p><span style=\"font-weight: 400;\">Solo los ciudadanos pueden postularse para cargos federales (Senado o C\u00e1mara de Representantes de los EE. UU.) Y para la mayor\u00eda de los cargos estatales y locales.<\/span><\/p>\n<p><b>Conserve su residencia.<\/b><\/p>\n<p><span style=\"font-weight: 400;\">El derecho de un ciudadano estadounidense a permanecer en los Estados Unidos no se le puede quitar.<\/span><\/p>\n<p><b>Sea elegible para subvenciones y becas federales.<\/b><\/p>\n<p><span style=\"font-weight: 400;\">Muchas subvenciones de ayuda financiera, incluidas las becas universitarias y los fondos otorgados por el gobierno para fines espec\u00edficos, est\u00e1n disponibles solo para ciudadanos estadounidenses.<\/span><\/p>\n<p><b>Obtener beneficios gubernamentales.<\/b><\/p>\n<p><span style=\"font-weight: 400;\">Algunos beneficios del gobierno est\u00e1n disponibles solo para ciudadanos estadounidenses.<\/span>[\/vc_column_text][\/vc_column][vc_column width=\u00bb1\/2&#8243;][vc_empty_space]<div class=\"eltdf-elements-holder   eltdf-one-column  eltdf-responsive-mode-768   \" style=\"background-color: #ce5252\"><div class=\"eltdf-eh-item     eltdf-background-arrow-left\" style=\"border-color: #c27682;background-color: #c27682;background-image: url(https:\/\/uceda.org\/wp-content\/uploads\/2021\/05\/Form-background_05-1.jpg)\" data-item-class=\"eltdf-eh-custom-9827\" data-1025-1366=\"2px 63px 0\" data-769-1024=\"90px 65px 85px 70px\" data-681-768=\"90px 65px 85px 70px\" data-680=\"5px 20px 10px 20px\">\n\t<div class=\"eltdf-eh-item-inner\">\n\t\t<div class=\"eltdf-eh-item-content eltdf-eh-custom-9827\" style=\"padding: 5px 65px 0 70px\">\n\t\t\t[vc_custom_heading text=\u00bb\u00a1 Inicia tu<br \/>\naprendizaje<br \/>\naqu\u00ed !\u00bb font_container=\u00bbtag:h2|font_size:30px|text_align:left|color:%23ffffff\u00bb google_fonts=\u00bbfont_family:Raleway%3A100%2C200%2C300%2Cregular%2C500%2C600%2C700%2C800%2C900|font_style:700%20bold%20regular%3A700%3Anormal\u00bb][vc_empty_space height=\u00bb25px\u00bb]\n<div class=\"wpcf7 no-js\" id=\"wpcf7-f910-o1\" lang=\"es-ES\" dir=\"ltr\" data-wpcf7-id=\"910\">\n<div class=\"screen-reader-response\"><p role=\"status\" aria-live=\"polite\" aria-atomic=\"true\"><\/p> <ul><\/ul><\/div>\n<form action=\"\/es\/wp-json\/wp\/v2\/pages\/3683#wpcf7-f910-o1\" method=\"post\" class=\"wpcf7-form init cf7_custom_style_3\" aria-label=\"Formulario de contacto\" novalidate=\"novalidate\" data-status=\"init\">\n<fieldset class=\"hidden-fields-container\"><input type=\"hidden\" name=\"_wpcf7\" value=\"910\" \/><input type=\"hidden\" name=\"_wpcf7_version\" value=\"6.1.1\" \/><input type=\"hidden\" name=\"_wpcf7_locale\" value=\"es_ES\" \/><input type=\"hidden\" name=\"_wpcf7_unit_tag\" value=\"wpcf7-f910-o1\" \/><input type=\"hidden\" name=\"_wpcf7_container_post\" value=\"0\" \/><input type=\"hidden\" name=\"_wpcf7_posted_data_hash\" value=\"\" \/><input type=\"hidden\" name=\"_wpcf7_recaptcha_response\" value=\"\" \/>\n<\/fieldset>\n<div class=\"eltdf-contact-form-7-widget\">\n\t<p><span class=\"wpcf7-form-control-wrap\" data-name=\"your-name\"><input size=\"40\" maxlength=\"400\" class=\"wpcf7-form-control wpcf7-text wpcf7-validates-as-required\" aria-required=\"true\" aria-invalid=\"false\" placeholder=\"Nombre\" value=\"\" type=\"text\" name=\"your-name\" \/><\/span><br \/>\n<span class=\"wpcf7-form-control-wrap\" data-name=\"your-email\"><input size=\"40\" maxlength=\"400\" class=\"wpcf7-form-control wpcf7-email wpcf7-validates-as-required wpcf7-text wpcf7-validates-as-email\" aria-required=\"true\" aria-invalid=\"false\" placeholder=\"Email\" value=\"\" type=\"email\" name=\"your-email\" \/><\/span><br \/>\n<span class=\"wpcf7-form-control-wrap\" data-name=\"your-tel\"><input size=\"40\" maxlength=\"400\" class=\"wpcf7-form-control wpcf7-tel wpcf7-validates-as-required wpcf7-text wpcf7-validates-as-tel\" aria-required=\"true\" aria-invalid=\"false\" placeholder=\"Tel\u00e9fono\" value=\"\" type=\"tel\" name=\"your-tel\" \/><\/span><br \/>\n<span class=\"wpcf7-form-control-wrap\" data-name=\"estado\"><input size=\"40\" maxlength=\"400\" class=\"wpcf7-form-control wpcf7-text wpcf7-validates-as-required\" aria-required=\"true\" aria-invalid=\"false\" placeholder=\"Ciudad\/Pa\u00eds d\u00f3nde vives\" value=\"\" type=\"text\" name=\"estado\" \/><\/span><br \/>\n<span class=\"wpcf7-form-control-wrap\" data-name=\"zipcode\"><input size=\"40\" maxlength=\"400\" class=\"wpcf7-form-control wpcf7-text\" aria-invalid=\"false\" placeholder=\"Codigo Postal o (Zipcode)\" value=\"\" type=\"text\" name=\"zipcode\" \/><\/span><br \/>\n<span class=\"wpcf7-form-control-wrap\" data-name=\"formato\"><select class=\"wpcf7-form-control wpcf7-select wpcf7-validates-as-required\" aria-required=\"true\" aria-invalid=\"false\" name=\"formato\"><option value=\"\u00bfC\u00f3mo quieres Estudiar?\">\u00bfC\u00f3mo quieres Estudiar?<\/option><option value=\"Presencial\">Presencial<\/option><option value=\"Virtual\">Virtual<\/option><\/select><\/span><br \/>\n<span class=\"wpcf7-form-control-wrap\" data-name=\"formato1\"><select class=\"wpcf7-form-control wpcf7-select wpcf7-validates-as-required\" aria-required=\"true\" aria-invalid=\"false\" name=\"formato1\"><option value=\"Seleciona el programa de estudios que deseas\">Seleciona el programa de estudios que deseas<\/option><option value=\"Clases de Ingles\">Clases de Ingles<\/option><option value=\"Clases de GED\">Clases de GED<\/option><option value=\"Preparacion para la ciudadania Americana\">Preparacion para la ciudadania Americana<\/option><option value=\"Clases grupales o para Empresas\">Clases grupales o para Empresas<\/option><option value=\"Aplicacion para la Visa de estudiante\">Aplicacion para la Visa de estudiante<\/option><option value=\"Preparacion para el examen de TOEFL\">Preparacion para el examen de TOEFL<\/option><option value=\"Espa\u00f1ol\">Espa\u00f1ol<\/option><\/select><\/span><br \/>\n<input class=\"wpcf7-form-control wpcf7-submit has-spinner\" type=\"submit\" value=\"Inscr\u00edbete ahora\" \/>\n\t<\/p>\n<\/div><p style=\"display: none !important;\" class=\"akismet-fields-container\" data-prefix=\"_wpcf7_ak_\"><label>&#916;<textarea name=\"_wpcf7_ak_hp_textarea\" cols=\"45\" rows=\"8\" maxlength=\"100\"><\/textarea><\/label><input type=\"hidden\" id=\"ak_js_1\" name=\"_wpcf7_ak_js\" value=\"114\"\/><script>document.getElementById( \"ak_js_1\" ).setAttribute( \"value\", ( new Date() ).getTime() );<\/script><\/p><div class=\"wpcf7-response-output\" aria-hidden=\"true\"><\/div>\n<\/form>\n<\/div>\n\t\t<\/div>\n\t<\/div>\n<\/div><\/div>[\/vc_column][\/vc_row][vc_row css=\u00bb.vc_custom_1621207227385{margin-top: 65px !important;margin-right: 0px !important;margin-bottom: 0px !important;margin-left: 0px !important;}\u00bb][vc_column width=\u00bb1\/6&#8243;][\/vc_column][vc_column width=\u00bb2\/3&#8243;][vc_custom_heading text=\u00bbConoce m\u00e1s sobre nosotros\u00bb font_container=\u00bbtag:h2|font_size:45px|text_align:center|color:%23545454&#8243; google_fonts=\u00bbfont_family:Raleway%3A100%2C200%2C300%2Cregular%2C500%2C600%2C700%2C800%2C900|font_style:700%20bold%20regular%3A700%3Anormal\u00bb css_animation=\u00bbbounceInDown\u00bb][\/vc_column][vc_column width=\u00bb1\/6&#8243;][\/vc_column][\/vc_row][vc_row content_placement=\u00bbmiddle\u00bb css=\u00bb.vc_custom_1621218450968{margin-top: 80px !important;margin-right: 0px !important;margin-bottom: 0px !important;margin-left: 0px !important;}\u00bb][vc_column]<div class=\"eltdf-elements-holder   eltdf-one-column  eltdf-responsive-mode-768 eltdf-one-column-alignment-center  \" ><div class=\"eltdf-eh-item   eltdf-horizontal-alignment-center  \"  data-item-class=\"eltdf-eh-custom-7605\" data-769-1024=\"0 0\" data-681-768=\"0 0\" data-680=\"40px 0 0 0\">\n\t<div class=\"eltdf-eh-item-inner\">\n\t\t<div class=\"eltdf-eh-item-content eltdf-eh-custom-7605\" >\n\t\t\t<div class=\"eltdf-video-button-holder  eltdf-vb-has-img\">\n\t<div class=\"eltdf-video-button-image\">\n\t\t<img fetchpriority=\"high\" decoding=\"async\" width=\"920\" height=\"307\" src=\"https:\/\/uceda.org\/wp-content\/uploads\/2021\/05\/video_UCEDA_ciudadania.jpg\" class=\"attachment-full size-full\" alt=\"\" srcset=\"https:\/\/uceda.org\/wp-content\/uploads\/2021\/05\/video_UCEDA_ciudadania.jpg 920w, https:\/\/uceda.org\/wp-content\/uploads\/2021\/05\/video_UCEDA_ciudadania-300x100.jpg 300w, https:\/\/uceda.org\/wp-content\/uploads\/2021\/05\/video_UCEDA_ciudadania-768x256.jpg 768w, https:\/\/uceda.org\/wp-content\/uploads\/2021\/05\/video_UCEDA_ciudadania-600x200.jpg 600w\" sizes=\"(max-width: 920px) 100vw, 920px\" \/>\t<\/div>\n\t\t\t<a class=\"eltdf-video-button-play-image eltdf-vb-has-hover-image\" href=\"https:\/\/www.youtube.com\/watch?v=pPv_pyi2LzY&#038;t=46s\" data-rel=\"prettyPhoto[video_button_pretty_photo_662]\">\n\t\t\t<span class=\"eltdf-video-button-play-inner\">\n\t\t\t\t<img decoding=\"async\" width=\"99\" height=\"99\" src=\"https:\/\/uceda.org\/wp-content\/uploads\/2021\/05\/play_video_uceda_02.png\" class=\"attachment-full size-full\" alt=\"\" \/>\t\t\t\t\t\t\t\t\t<img decoding=\"async\" width=\"97\" height=\"97\" src=\"https:\/\/uceda.org\/wp-content\/uploads\/2021\/05\/play_video_uceda_over_02.png\" class=\"attachment-full size-full\" alt=\"\" \/>\t\t\t\t\t\t\t<\/span>\n\t\t<\/a>\n\t<\/div>\t\t<\/div>\n\t<\/div>\n<\/div><\/div>[vc_empty_space height=\u00bb62px\u00bb][\/vc_column][\/vc_row]<\/p>\n","protected":false},"excerpt":{"rendered":"<p>[vc_row content_placement=\u00bbmiddle\u00bb row_content_width=\u00bbgrid\u00bb css=\u00bb.vc_custom_1622417668540{margin-top: 100px !important;margin-bottom: 250px !important;}\u00bb parallax_background_image=\u00bb3673&#8243;][vc_column][vc_custom_heading text=\u00bbCiudadan\u00eda Americana\u00bb font_container=\u00bbtag:h2|font_size:65px|text_align:left|color:%23ffffff|line_height:55px\u00bb google_fonts=\u00bbfont_family:Raleway%3A100%2C200%2C300%2Cregular%2C500%2C600%2C700%2C800%2C900|font_style:800%20bold%20regular%3A800%3Anormal\u00bb][vc_single_image image=\u00bb3413&#8243;][vc_custom_heading text=\u00bbPREP\u00c1RATE PARA TU EXAMEN CON NOSOTROS\u00bb font_container=\u00bbtag:h2|font_size:40px|text_align:left|color:%23ffffff|line_height:30px\u00bb google_fonts=\u00bbfont_family:Raleway%3A100%2C200%2C300%2Cregular%2C500%2C600%2C700%2C800%2C900|font_style:300%20light%20regular%3A300%3Anormal\u00bb][\/vc_column][\/vc_row][vc_row row_content_width=\u00bbgrid\u00bb css=\u00bb.vc_custom_1622381038429{padding-top: 50px !important;padding-right: 8px !important;padding-bottom: 50px !important;padding-left: 8px !important;}\u00bb][vc_column width=\u00bb1\/2&#8243;][vc_column_text css=\u00bb.vc_custom_1628573920509{margin-top: 40px !important;margin-bottom: 0px !important;}\u00bb] En nuestro curso de preparaci\u00f3n para obtener la ciudadan\u00eda americana, obtendr\u00e1s todas las herramientas para presentar la \u00faltima [&hellip;]<\/p>\n","protected":false},"author":1,"featured_media":0,"parent":0,"menu_order":0,"comment_status":"closed","ping_status":"closed","template":"full-width.php","meta":{"_EventAllDay":false,"_EventTimezone":"","_EventStartDate":"","_EventEndDate":"","_EventStartDateUTC":"","_EventEndDateUTC":"","_EventShowMap":false,"_EventShowMapLink":false,"_EventURL":"","_EventCost":"","_EventCostDescription":"","_EventCurrencySymbol":"","_EventCurrencyCode":"","_EventCurrencyPosition":"","_EventDateTimeSeparator":"","_EventTimeRangeSeparator":"","_EventOrganizerID":[],"_EventVenueID":[],"_OrganizerEmail":"","_OrganizerPhone":"","_OrganizerWebsite":"","_VenueAddress":"","_VenueCity":"","_VenueCountry":"","_VenueProvince":"","_VenueState":"","_VenueZip":"","_VenuePhone":"","_VenueURL":"","_VenueStateProvince":"","_VenueLat":"","_VenueLng":"","_VenueShowMap":false,"_VenueShowMapLink":false,"footnotes":""},"class_list":["post-3683","page","type-page","status-publish","hentry"],"yoast_head":"<!-- This site is optimized with the Yoast SEO plugin v27.4 - https:\/\/yoast.com\/product\/yoast-seo-wordpress\/ -->\n<title>Ciudadan\u00eda Americana - UCEDA Institute<\/title>\n<meta name=\"robots\" content=\"index, follow, max-snippet:-1, max-image-preview:large, max-video-preview:-1\" \/>\n<link rel=\"canonical\" href=\"https:\/\/uceda.org\/es\/ciudadania-americana\/\" \/>\n<meta property=\"og:locale\" content=\"es_ES\" \/>\n<meta property=\"og:type\" content=\"article\" \/>\n<meta property=\"og:title\" content=\"Ciudadan\u00eda Americana - UCEDA Institute\" \/>\n<meta property=\"og:description\" content=\"[vc_row content_placement=\u00bbmiddle\u00bb row_content_width=\u00bbgrid\u00bb css=\u00bb.vc_custom_1622417668540{margin-top: 100px !important;margin-bottom: 250px !important;}\u00bb parallax_background_image=\u00bb3673&#8243;][vc_column][vc_custom_heading text=\u00bbCiudadan\u00eda Americana\u00bb font_container=\u00bbtag:h2|font_size:65px|text_align:left|color:%23ffffff|line_height:55px\u00bb google_fonts=\u00bbfont_family:Raleway%3A100%2C200%2C300%2Cregular%2C500%2C600%2C700%2C800%2C900|font_style:800%20bold%20regular%3A800%3Anormal\u00bb][vc_single_image image=\u00bb3413&#8243;][vc_custom_heading text=\u00bbPREP\u00c1RATE PARA TU EXAMEN CON NOSOTROS\u00bb font_container=\u00bbtag:h2|font_size:40px|text_align:left|color:%23ffffff|line_height:30px\u00bb google_fonts=\u00bbfont_family:Raleway%3A100%2C200%2C300%2Cregular%2C500%2C600%2C700%2C800%2C900|font_style:300%20light%20regular%3A300%3Anormal\u00bb][\/vc_column][\/vc_row][vc_row row_content_width=\u00bbgrid\u00bb css=\u00bb.vc_custom_1622381038429{padding-top: 50px !important;padding-right: 8px !important;padding-bottom: 50px !important;padding-left: 8px !important;}\u00bb][vc_column width=\u00bb1\/2&#8243;][vc_column_text css=\u00bb.vc_custom_1628573920509{margin-top: 40px !important;margin-bottom: 0px !important;}\u00bb] En nuestro curso de preparaci\u00f3n para obtener la ciudadan\u00eda americana, obtendr\u00e1s todas las herramientas para presentar la \u00faltima [&hellip;]\" \/>\n<meta property=\"og:url\" content=\"https:\/\/uceda.org\/es\/ciudadania-americana\/\" \/>\n<meta property=\"og:site_name\" content=\"UCEDA Institute\" \/>\n<meta property=\"article:publisher\" content=\"https:\/\/www.facebook.com\/ucedainstitute\/\" \/>\n<meta property=\"article:modified_time\" content=\"2022-02-02T18:53:45+00:00\" \/>\n<meta name=\"twitter:card\" content=\"summary_large_image\" \/>\n<meta name=\"twitter:label1\" content=\"Tiempo de lectura\" \/>\n\t<meta name=\"twitter:data1\" content=\"4 minutos\" \/>\n<script type=\"application\/ld+json\" class=\"yoast-schema-graph\">{\"@context\":\"https:\\\/\\\/schema.org\",\"@graph\":[{\"@type\":\"WebPage\",\"@id\":\"https:\\\/\\\/uceda.org\\\/es\\\/ciudadania-americana\\\/\",\"url\":\"https:\\\/\\\/uceda.org\\\/es\\\/ciudadania-americana\\\/\",\"name\":\"Ciudadan\u00eda Americana - UCEDA Institute\",\"isPartOf\":{\"@id\":\"https:\\\/\\\/uceda.org\\\/#website\"},\"datePublished\":\"2021-05-30T23:36:54+00:00\",\"dateModified\":\"2022-02-02T18:53:45+00:00\",\"breadcrumb\":{\"@id\":\"https:\\\/\\\/uceda.org\\\/es\\\/ciudadania-americana\\\/#breadcrumb\"},\"inLanguage\":\"es\",\"potentialAction\":[{\"@type\":\"ReadAction\",\"target\":[\"https:\\\/\\\/uceda.org\\\/es\\\/ciudadania-americana\\\/\"]}]},{\"@type\":\"BreadcrumbList\",\"@id\":\"https:\\\/\\\/uceda.org\\\/es\\\/ciudadania-americana\\\/#breadcrumb\",\"itemListElement\":[{\"@type\":\"ListItem\",\"position\":1,\"name\":\"Home\",\"item\":\"https:\\\/\\\/uceda.org\\\/es\\\/\"},{\"@type\":\"ListItem\",\"position\":2,\"name\":\"Ciudadan\u00eda Americana\"}]},{\"@type\":\"WebSite\",\"@id\":\"https:\\\/\\\/uceda.org\\\/#website\",\"url\":\"https:\\\/\\\/uceda.org\\\/\",\"name\":\"UCEDA Institute\",\"description\":\"Aprende Ingl\u00e9s\",\"publisher\":{\"@id\":\"https:\\\/\\\/uceda.org\\\/#organization\"},\"potentialAction\":[{\"@type\":\"SearchAction\",\"target\":{\"@type\":\"EntryPoint\",\"urlTemplate\":\"https:\\\/\\\/uceda.org\\\/?s={search_term_string}\"},\"query-input\":{\"@type\":\"PropertyValueSpecification\",\"valueRequired\":true,\"valueName\":\"search_term_string\"}}],\"inLanguage\":\"es\"},{\"@type\":\"Organization\",\"@id\":\"https:\\\/\\\/uceda.org\\\/#organization\",\"name\":\"Uceda Institute\",\"url\":\"https:\\\/\\\/uceda.org\\\/\",\"logo\":{\"@type\":\"ImageObject\",\"inLanguage\":\"es\",\"@id\":\"https:\\\/\\\/uceda.org\\\/#\\\/schema\\\/logo\\\/image\\\/\",\"url\":\"https:\\\/\\\/uceda.org\\\/wp-content\\\/uploads\\\/2021\\\/08\\\/big-logo-scaled.jpg\",\"contentUrl\":\"https:\\\/\\\/uceda.org\\\/wp-content\\\/uploads\\\/2021\\\/08\\\/big-logo-scaled.jpg\",\"width\":2560,\"height\":803,\"caption\":\"Uceda Institute\"},\"image\":{\"@id\":\"https:\\\/\\\/uceda.org\\\/#\\\/schema\\\/logo\\\/image\\\/\"},\"sameAs\":[\"https:\\\/\\\/www.facebook.com\\\/ucedainstitute\\\/\",\"https:\\\/\\\/www.instagram.com\\\/ucedaonline\\\/?hl=en\"]}]}<\/script>\n<!-- \/ Yoast SEO plugin. -->","yoast_head_json":{"title":"Ciudadan\u00eda Americana - UCEDA Institute","robots":{"index":"index","follow":"follow","max-snippet":"max-snippet:-1","max-image-preview":"max-image-preview:large","max-video-preview":"max-video-preview:-1"},"canonical":"https:\/\/uceda.org\/es\/ciudadania-americana\/","og_locale":"es_ES","og_type":"article","og_title":"Ciudadan\u00eda Americana - UCEDA Institute","og_description":"[vc_row content_placement=\u00bbmiddle\u00bb row_content_width=\u00bbgrid\u00bb css=\u00bb.vc_custom_1622417668540{margin-top: 100px !important;margin-bottom: 250px !important;}\u00bb parallax_background_image=\u00bb3673&#8243;][vc_column][vc_custom_heading text=\u00bbCiudadan\u00eda Americana\u00bb font_container=\u00bbtag:h2|font_size:65px|text_align:left|color:%23ffffff|line_height:55px\u00bb google_fonts=\u00bbfont_family:Raleway%3A100%2C200%2C300%2Cregular%2C500%2C600%2C700%2C800%2C900|font_style:800%20bold%20regular%3A800%3Anormal\u00bb][vc_single_image image=\u00bb3413&#8243;][vc_custom_heading text=\u00bbPREP\u00c1RATE PARA TU EXAMEN CON NOSOTROS\u00bb font_container=\u00bbtag:h2|font_size:40px|text_align:left|color:%23ffffff|line_height:30px\u00bb google_fonts=\u00bbfont_family:Raleway%3A100%2C200%2C300%2Cregular%2C500%2C600%2C700%2C800%2C900|font_style:300%20light%20regular%3A300%3Anormal\u00bb][\/vc_column][\/vc_row][vc_row row_content_width=\u00bbgrid\u00bb css=\u00bb.vc_custom_1622381038429{padding-top: 50px !important;padding-right: 8px !important;padding-bottom: 50px !important;padding-left: 8px !important;}\u00bb][vc_column width=\u00bb1\/2&#8243;][vc_column_text css=\u00bb.vc_custom_1628573920509{margin-top: 40px !important;margin-bottom: 0px !important;}\u00bb] En nuestro curso de preparaci\u00f3n para obtener la ciudadan\u00eda americana, obtendr\u00e1s todas las herramientas para presentar la \u00faltima [&hellip;]","og_url":"https:\/\/uceda.org\/es\/ciudadania-americana\/","og_site_name":"UCEDA Institute","article_publisher":"https:\/\/www.facebook.com\/ucedainstitute\/","article_modified_time":"2022-02-02T18:53:45+00:00","twitter_card":"summary_large_image","twitter_misc":{"Tiempo de lectura":"4 minutos"},"schema":{"@context":"https:\/\/schema.org","@graph":[{"@type":"WebPage","@id":"https:\/\/uceda.org\/es\/ciudadania-americana\/","url":"https:\/\/uceda.org\/es\/ciudadania-americana\/","name":"Ciudadan\u00eda Americana - UCEDA Institute","isPartOf":{"@id":"https:\/\/uceda.org\/#website"},"datePublished":"2021-05-30T23:36:54+00:00","dateModified":"2022-02-02T18:53:45+00:00","breadcrumb":{"@id":"https:\/\/uceda.org\/es\/ciudadania-americana\/#breadcrumb"},"inLanguage":"es","potentialAction":[{"@type":"ReadAction","target":["https:\/\/uceda.org\/es\/ciudadania-americana\/"]}]},{"@type":"BreadcrumbList","@id":"https:\/\/uceda.org\/es\/ciudadania-americana\/#breadcrumb","itemListElement":[{"@type":"ListItem","position":1,"name":"Home","item":"https:\/\/uceda.org\/es\/"},{"@type":"ListItem","position":2,"name":"Ciudadan\u00eda Americana"}]},{"@type":"WebSite","@id":"https:\/\/uceda.org\/#website","url":"https:\/\/uceda.org\/","name":"UCEDA Institute","description":"Aprende Ingl\u00e9s","publisher":{"@id":"https:\/\/uceda.org\/#organization"},"potentialAction":[{"@type":"SearchAction","target":{"@type":"EntryPoint","urlTemplate":"https:\/\/uceda.org\/?s={search_term_string}"},"query-input":{"@type":"PropertyValueSpecification","valueRequired":true,"valueName":"search_term_string"}}],"inLanguage":"es"},{"@type":"Organization","@id":"https:\/\/uceda.org\/#organization","name":"Uceda Institute","url":"https:\/\/uceda.org\/","logo":{"@type":"ImageObject","inLanguage":"es","@id":"https:\/\/uceda.org\/#\/schema\/logo\/image\/","url":"https:\/\/uceda.org\/wp-content\/uploads\/2021\/08\/big-logo-scaled.jpg","contentUrl":"https:\/\/uceda.org\/wp-content\/uploads\/2021\/08\/big-logo-scaled.jpg","width":2560,"height":803,"caption":"Uceda Institute"},"image":{"@id":"https:\/\/uceda.org\/#\/schema\/logo\/image\/"},"sameAs":["https:\/\/www.facebook.com\/ucedainstitute\/","https:\/\/www.instagram.com\/ucedaonline\/?hl=en"]}]}},"_links":{"self":[{"href":"https:\/\/uceda.org\/es\/wp-json\/wp\/v2\/pages\/3683","targetHints":{"allow":["GET"]}}],"collection":[{"href":"https:\/\/uceda.org\/es\/wp-json\/wp\/v2\/pages"}],"about":[{"href":"https:\/\/uceda.org\/es\/wp-json\/wp\/v2\/types\/page"}],"author":[{"embeddable":true,"href":"https:\/\/uceda.org\/es\/wp-json\/wp\/v2\/users\/1"}],"replies":[{"embeddable":true,"href":"https:\/\/uceda.org\/es\/wp-json\/wp\/v2\/comments?post=3683"}],"version-history":[{"count":5,"href":"https:\/\/uceda.org\/es\/wp-json\/wp\/v2\/pages\/3683\/revisions"}],"predecessor-version":[{"id":39846,"href":"https:\/\/uceda.org\/es\/wp-json\/wp\/v2\/pages\/3683\/revisions\/39846"}],"wp:attachment":[{"href":"https:\/\/uceda.org\/es\/wp-json\/wp\/v2\/media?parent=3683"}],"curies":[{"name":"wp","href":"https:\/\/api.w.org\/{rel}","templated":true}]}}