{"id":3270,"date":"2021-05-16T11:50:08","date_gmt":"2021-05-16T16:50:08","guid":{"rendered":"https:\/\/website.uceda.org\/?page_id=3270"},"modified":"2021-08-10T00:20:45","modified_gmt":"2021-08-10T05:20:45","slug":"uceda-2","status":"publish","type":"page","link":"https:\/\/uceda.org\/es\/uceda-2\/","title":{"rendered":"Uceda"},"content":{"rendered":"<p>[vc_row row_content_width=\u00bbgrid\u00bb css=\u00bb.vc_custom_1621856400579{margin-top: 150px !important;margin-bottom: 150px !important;}\u00bb parallax_background_image=\u00bb3416&#8243;][vc_column][vc_custom_heading text=\u00bbUCEDA\u00bb font_container=\u00bbtag:h2|font_size:65px|text_align:left|color:%23ffffff|line_height:55px\u00bb google_fonts=\u00bbfont_family:Raleway%3A100%2C200%2C300%2Cregular%2C500%2C600%2C700%2C800%2C900|font_style:800%20bold%20regular%3A800%3Anormal\u00bb][vc_single_image image=\u00bb3413&#8243;][vc_custom_heading text=\u00bbMEJORANDO VIDAS A TRAV\u00c9S\u00bb font_container=\u00bbtag:h2|font_size:40px|text_align:left|color:%23ffffff|line_height:30px\u00bb google_fonts=\u00bbfont_family:Raleway%3A100%2C200%2C300%2Cregular%2C500%2C600%2C700%2C800%2C900|font_style:300%20light%20regular%3A300%3Anormal\u00bb][vc_custom_heading text=\u00bbDE LA ENSE\u00d1ANZA DE INGL\u00c9S\u00bb font_container=\u00bbtag:h2|font_size:40px|text_align:left|color:%23ffffff|line_height:30px\u00bb google_fonts=\u00bbfont_family:Raleway%3A100%2C200%2C300%2Cregular%2C500%2C600%2C700%2C800%2C900|font_style:300%20light%20regular%3A300%3Anormal\u00bb][\/vc_column][\/vc_row][vc_row css=\u00bb.vc_custom_1621207227385{margin-top: 65px !important;margin-right: 0px !important;margin-bottom: 0px !important;margin-left: 0px !important;}\u00bb][vc_column width=\u00bb1\/6&#8243;][\/vc_column][vc_column width=\u00bb2\/3&#8243;][vc_custom_heading text=\u00bb\u00bfQui\u00e9nes somos?\u00bb font_container=\u00bbtag:h2|font_size:55px|text_align:center|color:%23545454&#8243; google_fonts=\u00bbfont_family:Raleway%3A100%2C200%2C300%2Cregular%2C500%2C600%2C700%2C800%2C900|font_style:700%20bold%20regular%3A700%3Anormal\u00bb css_animation=\u00bbbounceInDown\u00bb][\/vc_column][vc_column width=\u00bb1\/6&#8243;][\/vc_column][\/vc_row][vc_row gap=\u00bb20&#8243; row_content_width=\u00bbgrid\u00bb][vc_column offset=\u00bbvc_col-lg-6 vc_col-md-12 vc_col-xs-12&#8243;][vc_column_text css=\u00bb.vc_custom_1628572803271{margin-top: 40px !important;margin-bottom: 0px !important;}\u00bb]<\/p>\n<p style=\"text-align: justify;\"><span style=\"font-weight: 400;\">Somos un equipo multidisciplinario de profesionales comprometidos con la ense\u00f1anza del idioma ingl\u00e9s como segunda lengua (ESL). Uceda es sin\u00f3nimo de tradici\u00f3n y calidad, cuyo inter\u00e9s principal es transformar positivamente las vidas de nuestra comunidad a trav\u00e9s de la educaci\u00f3n. Nuestra meta es potenciar sus habilidades comunicativas en ingl\u00e9s para que cumplan sus metas profesionales y\/o personales.<\/span><\/p>\n<p style=\"text-align: justify;\"><span style=\"font-weight: 400;\">Tenemos una historia desde<\/span><span style=\"font-weight: 400;\"> 1988 que<\/span><span style=\"font-weight: 400;\"> no solo legitima nuestra misi\u00f3n en la ense\u00f1anza del ingl\u00e9s, sino tambi\u00e9n nuestro compromiso con la comunidad inmigrante que reside en los Estados Unidos.<\/span><\/p>\n<p style=\"text-align: justify;\"><span style=\"font-weight: 400;\">Cuando la familia Uceda emigr\u00f3 desde Per\u00fa, reconoci\u00f3 la importancia del aprendizaje del idioma ingl\u00e9s entre la comunidad latina y otras poblaciones inmigrantes.<\/span><\/p>\n<p>[\/vc_column_text][\/vc_column][vc_column offset=\u00bbvc_col-lg-6 vc_col-md-12 vc_col-xs-12&#8243;][vc_column_text css=\u00bb.vc_custom_1628572836755{margin-top: 40px !important;margin-bottom: 0px !important;}\u00bb]<\/p>\n<p style=\"text-align: justify;\"><span style=\"font-weight: 400;\">Con esta premisa en mente, y guiados por la necesidad de suplir esta necesidad educativa, Carlos A. Uceda lider\u00f3 a todo un equipo profesional y juntos iniciaron su legado educativo con la apertura de la primera sede de Uceda en Paterson, NJ. Con el tiempo se asent\u00f3 en los estados de New York, New Jersey, Connecticut y en Virginia (Washington DC Metro).<\/span><\/p>\n<p style=\"text-align: justify;\"><span style=\"font-weight: 400;\">Actualmente contamos con sedes en la costa norte de los EE.UU. con presencia en: Red Bank, Passaic, Paterson, Perth Amboy, Danbury, Norwalk, Morristown, Freehold, New Brunswick, Lakewood, Bridgeport, Falls Church, Dover, Port Chester.<\/span><\/p>\n<p style=\"text-align: justify;\"><span style=\"font-weight: 400;\">Nuestra metodolog\u00eda trasciende fronteras a trav\u00e9s de nuestras clases en vivo con nuestra escuela virtual por sus siglas en ingl\u00e9s VLP (Virtual Learning Program) con m\u00e1s de 660 estudiantes conectados online. LLegando a pa\u00edses como Costa Rica, Colombia, Ecuador, El salvador, Per\u00fa, Chile, Honduras y M\u00e9xico.<\/span><\/p>\n<p>[\/vc_column_text][\/vc_column][\/vc_row][vc_row css=\u00bb.vc_custom_1621207227385{margin-top: 65px !important;margin-right: 0px !important;margin-bottom: 0px !important;margin-left: 0px !important;}\u00bb][vc_column width=\u00bb1\/6&#8243;][\/vc_column][vc_column width=\u00bb2\/3&#8243;][vc_custom_heading text=\u00bbConoce m\u00e1s sobre nosotros\u00bb font_container=\u00bbtag:h2|font_size:45px|text_align:center|color:%23545454&#8243; google_fonts=\u00bbfont_family:Raleway%3A100%2C200%2C300%2Cregular%2C500%2C600%2C700%2C800%2C900|font_style:700%20bold%20regular%3A700%3Anormal\u00bb css_animation=\u00bbbounceInDown\u00bb][\/vc_column][vc_column width=\u00bb1\/6&#8243;][\/vc_column][\/vc_row][vc_row content_placement=\u00bbmiddle\u00bb css=\u00bb.vc_custom_1621218450968{margin-top: 80px !important;margin-right: 0px !important;margin-bottom: 0px !important;margin-left: 0px !important;}\u00bb][vc_column]<div class=\"eltdf-elements-holder   eltdf-one-column  eltdf-responsive-mode-768 eltdf-one-column-alignment-center  \" ><div class=\"eltdf-eh-item   eltdf-horizontal-alignment-center  \"  data-item-class=\"eltdf-eh-custom-7806\" data-769-1024=\"0 0\" data-681-768=\"0 0\" data-680=\"40px 0 0 0\">\n\t<div class=\"eltdf-eh-item-inner\">\n\t\t<div class=\"eltdf-eh-item-content eltdf-eh-custom-7806\" >\n\t\t\t<div class=\"eltdf-video-button-holder  eltdf-vb-has-img\">\n\t<div class=\"eltdf-video-button-image\">\n\t\t<img fetchpriority=\"high\" decoding=\"async\" width=\"920\" height=\"307\" src=\"https:\/\/uceda.org\/wp-content\/uploads\/2021\/05\/video_UCEDA_about_us_short.jpg\" class=\"attachment-full size-full\" alt=\"\" srcset=\"https:\/\/uceda.org\/wp-content\/uploads\/2021\/05\/video_UCEDA_about_us_short.jpg 920w, https:\/\/uceda.org\/wp-content\/uploads\/2021\/05\/video_UCEDA_about_us_short-300x100.jpg 300w, https:\/\/uceda.org\/wp-content\/uploads\/2021\/05\/video_UCEDA_about_us_short-768x256.jpg 768w, https:\/\/uceda.org\/wp-content\/uploads\/2021\/05\/video_UCEDA_about_us_short-600x200.jpg 600w\" sizes=\"(max-width: 920px) 100vw, 920px\" \/>\t<\/div>\n\t\t\t<a class=\"eltdf-video-button-play-image eltdf-vb-has-hover-image\" href=\"https:\/\/www.youtube.com\/watch?v=mRcKfqKvNnI\" data-rel=\"prettyPhoto[video_button_pretty_photo_76]\">\n\t\t\t<span class=\"eltdf-video-button-play-inner\">\n\t\t\t\t<img decoding=\"async\" width=\"99\" height=\"99\" src=\"https:\/\/uceda.org\/wp-content\/uploads\/2021\/05\/play_video_uceda_02.png\" class=\"attachment-full size-full\" alt=\"\" \/>\t\t\t\t\t\t\t\t\t<img decoding=\"async\" width=\"97\" height=\"97\" src=\"https:\/\/uceda.org\/wp-content\/uploads\/2021\/05\/play_video_uceda_over_02.png\" class=\"attachment-full size-full\" alt=\"\" \/>\t\t\t\t\t\t\t<\/span>\n\t\t<\/a>\n\t<\/div>\t\t<\/div>\n\t<\/div>\n<\/div><\/div>[\/vc_column][\/vc_row][vc_row row_content_width=\u00bbgrid\u00bb css=\u00bb.vc_custom_1531121052960{padding-top: 107px !important;padding-bottom: 130px !important;}\u00bb][vc_column offset=\u00bbvc_col-lg-6 vc_col-md-12 vc_col-xs-12&#8243; css=\u00bb.vc_custom_1621214356542{margin-top: 50px !important;margin-bottom: 0px !important;}\u00bb]<div class=\"eltdf-elements-holder   eltdf-one-column  eltdf-responsive-mode-768   \" ><div class=\"eltdf-eh-item    eltdf-element-from-left \"  data-item-class=\"eltdf-eh-custom-7725\" data-animation=\"eltdf-element-from-left\" data-1367-1600=\"7px 9% 0 0\" data-1025-1366=\"7px 9% 0 0\" data-769-1024=\"14px 30% 40px 0\" data-681-768=\"14px 10% 0 0\" data-680=\"0 0\">\n\t<div class=\"eltdf-eh-item-inner\">\n\t\t<div class=\"eltdf-eh-item-content eltdf-eh-custom-7725\" style=\"padding: 7px 18% 0 0\">\n\t\t\t<div class=\"eltdf-section-title-holder  eltdf-st-standard eltdf-st-title-left eltdf-st-normal-space \" style=\"text-align: left\">\n\t<div class=\"eltdf-st-inner\">\n\t\t\t\t\t<h2 class=\"eltdf-st-title\" >\n\t\t\t\tVisi\u00f3n\t\t\t<\/h2>\n\t\t\t\t\t\t\t<div class=\"eltdf-separator-holder clearfix  eltdf-separator-left \">\n\t<div class=\"eltdf-separator\" style=\"border-color: #ff1949;width: 38px;border-bottom-width: 3px;margin-top: 23px;margin-bottom: 9px\"><\/div>\n<\/div>\n\t\t\t\t\t\t\t<h5 class=\"eltdf-st-text\" style=\"margin-top: 15px\">\n\t\t\t\tMejorando vidas a trav\u00e9s de la ense\u00f1anza de Ingl\u00e9s.\t\t\t<\/h5>\n\t\t\t<\/div>\n<\/div>\t\t<\/div>\n\t<\/div>\n<\/div><\/div>[\/vc_column][vc_column offset=\u00bbvc_col-lg-6 vc_col-md-12 vc_col-xs-12&#8243;][vc_column_text]<\/p>\n<p style=\"text-align: justify;\">Ser reconocidos en EE.UU como la escuela americana l\u00edder en la ense\u00f1anza del ingl\u00e9s como segunda lengua, mediante el cumplimiento de nuestra pol\u00edtica social que comprende:<\/p>\n<p style=\"text-align: left;\">Apoyar a la comunidad inmigrante en su proceso de adaptaci\u00f3n a la vida en los Estados Unidos por medio de la ense\u00f1anza del idioma ingl\u00e9s.<\/p>\n<p style=\"text-align: justify;\">Facilitar el proceso de aprendizaje del idioma a estudiantes, ni\u00f1os, profesionales, empresarios y todos aquellos interesados en potenciar sus habilidades.<\/p>\n<p style=\"text-align: justify;\">Promover la igualdad de oportunidades laborales, sociales y econ\u00f3micas para las mujeres a trav\u00e9s de la educaci\u00f3n.<\/p>\n<p>[\/vc_column_text][\/vc_column][\/vc_row][vc_row row_content_width=\u00bbgrid\u00bb css=\u00bb.vc_custom_1531121052960{padding-top: 107px !important;padding-bottom: 130px !important;}\u00bb][vc_column offset=\u00bbvc_col-lg-6 vc_col-md-12 vc_col-xs-12&#8243; css=\u00bb.vc_custom_1621214356542{margin-top: 50px !important;margin-bottom: 0px !important;}\u00bb]<div class=\"eltdf-elements-holder   eltdf-one-column  eltdf-responsive-mode-768   \" ><div class=\"eltdf-eh-item    eltdf-element-from-right \"  data-item-class=\"eltdf-eh-custom-1163\" data-animation=\"eltdf-element-from-right\" data-1367-1600=\"7px 9% 0 0\" data-1025-1366=\"7px 9% 0 0\" data-769-1024=\"14px 30% 40px 0\" data-681-768=\"14px 10% 0 0\" data-680=\"0 0\">\n\t<div class=\"eltdf-eh-item-inner\">\n\t\t<div class=\"eltdf-eh-item-content eltdf-eh-custom-1163\" style=\"padding: 7px 18% 0 0\">\n\t\t\t<div class=\"eltdf-section-title-holder  eltdf-st-standard eltdf-st-title-left eltdf-st-normal-space \" style=\"text-align: left\">\n\t<div class=\"eltdf-st-inner\">\n\t\t\t\t\t<h2 class=\"eltdf-st-title\" >\n\t\t\t\tMisi\u00f3n\t\t\t<\/h2>\n\t\t\t\t\t\t\t<div class=\"eltdf-separator-holder clearfix  eltdf-separator-left \">\n\t<div class=\"eltdf-separator\" style=\"border-color: #ff1949;width: 38px;border-bottom-width: 3px;margin-top: 23px;margin-bottom: 9px\"><\/div>\n<\/div>\n\t\t\t\t\t<\/div>\n<\/div>\t\t<\/div>\n\t<\/div>\n<\/div><\/div>[\/vc_column][vc_column offset=\u00bbvc_col-lg-6 vc_col-md-12 vc_col-xs-12&#8243;][vc_column_text]<\/p>\n<p style=\"text-align: justify;\">Motivar y preparar a nuestros estudiantes para que alcance sus metas personales y profesionales gracias al desarrollo efectivo de habilidades para comunicarse en Ingl\u00e9s.<\/p>\n<p>[\/vc_column_text][\/vc_column][\/vc_row]<\/p>\n","protected":false},"excerpt":{"rendered":"<p>[vc_row row_content_width=\u00bbgrid\u00bb css=\u00bb.vc_custom_1621856400579{margin-top: 150px !important;margin-bottom: 150px !important;}\u00bb parallax_background_image=\u00bb3416&#8243;][vc_column][vc_custom_heading text=\u00bbUCEDA\u00bb font_container=\u00bbtag:h2|font_size:65px|text_align:left|color:%23ffffff|line_height:55px\u00bb google_fonts=\u00bbfont_family:Raleway%3A100%2C200%2C300%2Cregular%2C500%2C600%2C700%2C800%2C900|font_style:800%20bold%20regular%3A800%3Anormal\u00bb][vc_single_image image=\u00bb3413&#8243;][vc_custom_heading text=\u00bbMEJORANDO VIDAS A TRAV\u00c9S\u00bb font_container=\u00bbtag:h2|font_size:40px|text_align:left|color:%23ffffff|line_height:30px\u00bb google_fonts=\u00bbfont_family:Raleway%3A100%2C200%2C300%2Cregular%2C500%2C600%2C700%2C800%2C900|font_style:300%20light%20regular%3A300%3Anormal\u00bb][vc_custom_heading text=\u00bbDE LA ENSE\u00d1ANZA DE INGL\u00c9S\u00bb font_container=\u00bbtag:h2|font_size:40px|text_align:left|color:%23ffffff|line_height:30px\u00bb google_fonts=\u00bbfont_family:Raleway%3A100%2C200%2C300%2Cregular%2C500%2C600%2C700%2C800%2C900|font_style:300%20light%20regular%3A300%3Anormal\u00bb][\/vc_column][\/vc_row][vc_row css=\u00bb.vc_custom_1621207227385{margin-top: 65px !important;margin-right: 0px !important;margin-bottom: 0px !important;margin-left: 0px !important;}\u00bb][vc_column width=\u00bb1\/6&#8243;][\/vc_column][vc_column width=\u00bb2\/3&#8243;][vc_custom_heading text=\u00bb\u00bfQui\u00e9nes somos?\u00bb font_container=\u00bbtag:h2|font_size:55px|text_align:center|color:%23545454&#8243; google_fonts=\u00bbfont_family:Raleway%3A100%2C200%2C300%2Cregular%2C500%2C600%2C700%2C800%2C900|font_style:700%20bold%20regular%3A700%3Anormal\u00bb css_animation=\u00bbbounceInDown\u00bb][\/vc_column][vc_column width=\u00bb1\/6&#8243;][\/vc_column][\/vc_row][vc_row gap=\u00bb20&#8243; row_content_width=\u00bbgrid\u00bb][vc_column offset=\u00bbvc_col-lg-6 vc_col-md-12 vc_col-xs-12&#8243;][vc_column_text css=\u00bb.vc_custom_1628572803271{margin-top: 40px !important;margin-bottom: 0px !important;}\u00bb] Somos un equipo multidisciplinario [&hellip;]<\/p>\n","protected":false},"author":1,"featured_media":0,"parent":0,"menu_order":0,"comment_status":"closed","ping_status":"closed","template":"full-width.php","meta":{"_EventAllDay":false,"_EventTimezone":"","_EventStartDate":"","_EventEndDate":"","_EventStartDateUTC":"","_EventEndDateUTC":"","_EventShowMap":false,"_EventShowMapLink":false,"_EventURL":"","_EventCost":"","_EventCostDescription":"","_EventCurrencySymbol":"","_EventCurrencyCode":"","_EventCurrencyPosition":"","_EventDateTimeSeparator":"","_EventTimeRangeSeparator":"","_EventOrganizerID":[],"_EventVenueID":[],"_OrganizerEmail":"","_OrganizerPhone":"","_OrganizerWebsite":"","_VenueAddress":"","_VenueCity":"","_VenueCountry":"","_VenueProvince":"","_VenueState":"","_VenueZip":"","_VenuePhone":"","_VenueURL":"","_VenueStateProvince":"","_VenueLat":"","_VenueLng":"","_VenueShowMap":false,"_VenueShowMapLink":false,"footnotes":""},"class_list":["post-3270","page","type-page","status-publish","hentry"],"yoast_head":"<!-- This site is optimized with the Yoast SEO plugin v27.4 - https:\/\/yoast.com\/product\/yoast-seo-wordpress\/ -->\n<title>Uceda - UCEDA Institute<\/title>\n<meta name=\"robots\" content=\"index, follow, max-snippet:-1, max-image-preview:large, max-video-preview:-1\" \/>\n<link rel=\"canonical\" href=\"https:\/\/uceda.org\/es\/uceda-2\/\" \/>\n<meta property=\"og:locale\" content=\"es_ES\" \/>\n<meta property=\"og:type\" content=\"article\" \/>\n<meta property=\"og:title\" content=\"Uceda - UCEDA Institute\" \/>\n<meta property=\"og:description\" content=\"[vc_row row_content_width=\u00bbgrid\u00bb css=\u00bb.vc_custom_1621856400579{margin-top: 150px !important;margin-bottom: 150px !important;}\u00bb parallax_background_image=\u00bb3416&#8243;][vc_column][vc_custom_heading text=\u00bbUCEDA\u00bb font_container=\u00bbtag:h2|font_size:65px|text_align:left|color:%23ffffff|line_height:55px\u00bb google_fonts=\u00bbfont_family:Raleway%3A100%2C200%2C300%2Cregular%2C500%2C600%2C700%2C800%2C900|font_style:800%20bold%20regular%3A800%3Anormal\u00bb][vc_single_image image=\u00bb3413&#8243;][vc_custom_heading text=\u00bbMEJORANDO VIDAS A TRAV\u00c9S\u00bb font_container=\u00bbtag:h2|font_size:40px|text_align:left|color:%23ffffff|line_height:30px\u00bb google_fonts=\u00bbfont_family:Raleway%3A100%2C200%2C300%2Cregular%2C500%2C600%2C700%2C800%2C900|font_style:300%20light%20regular%3A300%3Anormal\u00bb][vc_custom_heading text=\u00bbDE LA ENSE\u00d1ANZA DE INGL\u00c9S\u00bb font_container=\u00bbtag:h2|font_size:40px|text_align:left|color:%23ffffff|line_height:30px\u00bb google_fonts=\u00bbfont_family:Raleway%3A100%2C200%2C300%2Cregular%2C500%2C600%2C700%2C800%2C900|font_style:300%20light%20regular%3A300%3Anormal\u00bb][\/vc_column][\/vc_row][vc_row css=\u00bb.vc_custom_1621207227385{margin-top: 65px !important;margin-right: 0px !important;margin-bottom: 0px !important;margin-left: 0px !important;}\u00bb][vc_column width=\u00bb1\/6&#8243;][\/vc_column][vc_column width=\u00bb2\/3&#8243;][vc_custom_heading text=\u00bb\u00bfQui\u00e9nes somos?\u00bb font_container=\u00bbtag:h2|font_size:55px|text_align:center|color:%23545454&#8243; google_fonts=\u00bbfont_family:Raleway%3A100%2C200%2C300%2Cregular%2C500%2C600%2C700%2C800%2C900|font_style:700%20bold%20regular%3A700%3Anormal\u00bb css_animation=\u00bbbounceInDown\u00bb][\/vc_column][vc_column width=\u00bb1\/6&#8243;][\/vc_column][\/vc_row][vc_row gap=\u00bb20&#8243; row_content_width=\u00bbgrid\u00bb][vc_column offset=\u00bbvc_col-lg-6 vc_col-md-12 vc_col-xs-12&#8243;][vc_column_text css=\u00bb.vc_custom_1628572803271{margin-top: 40px !important;margin-bottom: 0px !important;}\u00bb] Somos un equipo multidisciplinario [&hellip;]\" \/>\n<meta property=\"og:url\" content=\"https:\/\/uceda.org\/es\/uceda-2\/\" \/>\n<meta property=\"og:site_name\" content=\"UCEDA Institute\" \/>\n<meta property=\"article:publisher\" content=\"https:\/\/www.facebook.com\/ucedainstitute\/\" \/>\n<meta property=\"article:modified_time\" content=\"2021-08-10T05:20:45+00:00\" \/>\n<meta name=\"twitter:card\" content=\"summary_large_image\" \/>\n<meta name=\"twitter:label1\" content=\"Tiempo de lectura\" \/>\n\t<meta name=\"twitter:data1\" content=\"6 minutos\" \/>\n<script type=\"application\/ld+json\" class=\"yoast-schema-graph\">{\"@context\":\"https:\\\/\\\/schema.org\",\"@graph\":[{\"@type\":\"WebPage\",\"@id\":\"https:\\\/\\\/uceda.org\\\/es\\\/uceda-2\\\/\",\"url\":\"https:\\\/\\\/uceda.org\\\/es\\\/uceda-2\\\/\",\"name\":\"Uceda - UCEDA Institute\",\"isPartOf\":{\"@id\":\"https:\\\/\\\/uceda.org\\\/#website\"},\"datePublished\":\"2021-05-16T16:50:08+00:00\",\"dateModified\":\"2021-08-10T05:20:45+00:00\",\"breadcrumb\":{\"@id\":\"https:\\\/\\\/uceda.org\\\/es\\\/uceda-2\\\/#breadcrumb\"},\"inLanguage\":\"es\",\"potentialAction\":[{\"@type\":\"ReadAction\",\"target\":[\"https:\\\/\\\/uceda.org\\\/es\\\/uceda-2\\\/\"]}]},{\"@type\":\"BreadcrumbList\",\"@id\":\"https:\\\/\\\/uceda.org\\\/es\\\/uceda-2\\\/#breadcrumb\",\"itemListElement\":[{\"@type\":\"ListItem\",\"position\":1,\"name\":\"Home\",\"item\":\"https:\\\/\\\/uceda.org\\\/es\\\/\"},{\"@type\":\"ListItem\",\"position\":2,\"name\":\"Uceda\"}]},{\"@type\":\"WebSite\",\"@id\":\"https:\\\/\\\/uceda.org\\\/#website\",\"url\":\"https:\\\/\\\/uceda.org\\\/\",\"name\":\"UCEDA Institute\",\"description\":\"Aprende Ingl\u00e9s\",\"publisher\":{\"@id\":\"https:\\\/\\\/uceda.org\\\/#organization\"},\"potentialAction\":[{\"@type\":\"SearchAction\",\"target\":{\"@type\":\"EntryPoint\",\"urlTemplate\":\"https:\\\/\\\/uceda.org\\\/?s={search_term_string}\"},\"query-input\":{\"@type\":\"PropertyValueSpecification\",\"valueRequired\":true,\"valueName\":\"search_term_string\"}}],\"inLanguage\":\"es\"},{\"@type\":\"Organization\",\"@id\":\"https:\\\/\\\/uceda.org\\\/#organization\",\"name\":\"Uceda Institute\",\"url\":\"https:\\\/\\\/uceda.org\\\/\",\"logo\":{\"@type\":\"ImageObject\",\"inLanguage\":\"es\",\"@id\":\"https:\\\/\\\/uceda.org\\\/#\\\/schema\\\/logo\\\/image\\\/\",\"url\":\"https:\\\/\\\/uceda.org\\\/wp-content\\\/uploads\\\/2021\\\/08\\\/big-logo-scaled.jpg\",\"contentUrl\":\"https:\\\/\\\/uceda.org\\\/wp-content\\\/uploads\\\/2021\\\/08\\\/big-logo-scaled.jpg\",\"width\":2560,\"height\":803,\"caption\":\"Uceda Institute\"},\"image\":{\"@id\":\"https:\\\/\\\/uceda.org\\\/#\\\/schema\\\/logo\\\/image\\\/\"},\"sameAs\":[\"https:\\\/\\\/www.facebook.com\\\/ucedainstitute\\\/\",\"https:\\\/\\\/www.instagram.com\\\/ucedaonline\\\/?hl=en\"]}]}<\/script>\n<!-- \/ Yoast SEO plugin. -->","yoast_head_json":{"title":"Uceda - UCEDA Institute","robots":{"index":"index","follow":"follow","max-snippet":"max-snippet:-1","max-image-preview":"max-image-preview:large","max-video-preview":"max-video-preview:-1"},"canonical":"https:\/\/uceda.org\/es\/uceda-2\/","og_locale":"es_ES","og_type":"article","og_title":"Uceda - UCEDA Institute","og_description":"[vc_row row_content_width=\u00bbgrid\u00bb css=\u00bb.vc_custom_1621856400579{margin-top: 150px !important;margin-bottom: 150px !important;}\u00bb parallax_background_image=\u00bb3416&#8243;][vc_column][vc_custom_heading text=\u00bbUCEDA\u00bb font_container=\u00bbtag:h2|font_size:65px|text_align:left|color:%23ffffff|line_height:55px\u00bb google_fonts=\u00bbfont_family:Raleway%3A100%2C200%2C300%2Cregular%2C500%2C600%2C700%2C800%2C900|font_style:800%20bold%20regular%3A800%3Anormal\u00bb][vc_single_image image=\u00bb3413&#8243;][vc_custom_heading text=\u00bbMEJORANDO VIDAS A TRAV\u00c9S\u00bb font_container=\u00bbtag:h2|font_size:40px|text_align:left|color:%23ffffff|line_height:30px\u00bb google_fonts=\u00bbfont_family:Raleway%3A100%2C200%2C300%2Cregular%2C500%2C600%2C700%2C800%2C900|font_style:300%20light%20regular%3A300%3Anormal\u00bb][vc_custom_heading text=\u00bbDE LA ENSE\u00d1ANZA DE INGL\u00c9S\u00bb font_container=\u00bbtag:h2|font_size:40px|text_align:left|color:%23ffffff|line_height:30px\u00bb google_fonts=\u00bbfont_family:Raleway%3A100%2C200%2C300%2Cregular%2C500%2C600%2C700%2C800%2C900|font_style:300%20light%20regular%3A300%3Anormal\u00bb][\/vc_column][\/vc_row][vc_row css=\u00bb.vc_custom_1621207227385{margin-top: 65px !important;margin-right: 0px !important;margin-bottom: 0px !important;margin-left: 0px !important;}\u00bb][vc_column width=\u00bb1\/6&#8243;][\/vc_column][vc_column width=\u00bb2\/3&#8243;][vc_custom_heading text=\u00bb\u00bfQui\u00e9nes somos?\u00bb font_container=\u00bbtag:h2|font_size:55px|text_align:center|color:%23545454&#8243; google_fonts=\u00bbfont_family:Raleway%3A100%2C200%2C300%2Cregular%2C500%2C600%2C700%2C800%2C900|font_style:700%20bold%20regular%3A700%3Anormal\u00bb css_animation=\u00bbbounceInDown\u00bb][\/vc_column][vc_column width=\u00bb1\/6&#8243;][\/vc_column][\/vc_row][vc_row gap=\u00bb20&#8243; row_content_width=\u00bbgrid\u00bb][vc_column offset=\u00bbvc_col-lg-6 vc_col-md-12 vc_col-xs-12&#8243;][vc_column_text css=\u00bb.vc_custom_1628572803271{margin-top: 40px !important;margin-bottom: 0px !important;}\u00bb] Somos un equipo multidisciplinario [&hellip;]","og_url":"https:\/\/uceda.org\/es\/uceda-2\/","og_site_name":"UCEDA Institute","article_publisher":"https:\/\/www.facebook.com\/ucedainstitute\/","article_modified_time":"2021-08-10T05:20:45+00:00","twitter_card":"summary_large_image","twitter_misc":{"Tiempo de lectura":"6 minutos"},"schema":{"@context":"https:\/\/schema.org","@graph":[{"@type":"WebPage","@id":"https:\/\/uceda.org\/es\/uceda-2\/","url":"https:\/\/uceda.org\/es\/uceda-2\/","name":"Uceda - UCEDA Institute","isPartOf":{"@id":"https:\/\/uceda.org\/#website"},"datePublished":"2021-05-16T16:50:08+00:00","dateModified":"2021-08-10T05:20:45+00:00","breadcrumb":{"@id":"https:\/\/uceda.org\/es\/uceda-2\/#breadcrumb"},"inLanguage":"es","potentialAction":[{"@type":"ReadAction","target":["https:\/\/uceda.org\/es\/uceda-2\/"]}]},{"@type":"BreadcrumbList","@id":"https:\/\/uceda.org\/es\/uceda-2\/#breadcrumb","itemListElement":[{"@type":"ListItem","position":1,"name":"Home","item":"https:\/\/uceda.org\/es\/"},{"@type":"ListItem","position":2,"name":"Uceda"}]},{"@type":"WebSite","@id":"https:\/\/uceda.org\/#website","url":"https:\/\/uceda.org\/","name":"UCEDA Institute","description":"Aprende Ingl\u00e9s","publisher":{"@id":"https:\/\/uceda.org\/#organization"},"potentialAction":[{"@type":"SearchAction","target":{"@type":"EntryPoint","urlTemplate":"https:\/\/uceda.org\/?s={search_term_string}"},"query-input":{"@type":"PropertyValueSpecification","valueRequired":true,"valueName":"search_term_string"}}],"inLanguage":"es"},{"@type":"Organization","@id":"https:\/\/uceda.org\/#organization","name":"Uceda Institute","url":"https:\/\/uceda.org\/","logo":{"@type":"ImageObject","inLanguage":"es","@id":"https:\/\/uceda.org\/#\/schema\/logo\/image\/","url":"https:\/\/uceda.org\/wp-content\/uploads\/2021\/08\/big-logo-scaled.jpg","contentUrl":"https:\/\/uceda.org\/wp-content\/uploads\/2021\/08\/big-logo-scaled.jpg","width":2560,"height":803,"caption":"Uceda Institute"},"image":{"@id":"https:\/\/uceda.org\/#\/schema\/logo\/image\/"},"sameAs":["https:\/\/www.facebook.com\/ucedainstitute\/","https:\/\/www.instagram.com\/ucedaonline\/?hl=en"]}]}},"_links":{"self":[{"href":"https:\/\/uceda.org\/es\/wp-json\/wp\/v2\/pages\/3270","targetHints":{"allow":["GET"]}}],"collection":[{"href":"https:\/\/uceda.org\/es\/wp-json\/wp\/v2\/pages"}],"about":[{"href":"https:\/\/uceda.org\/es\/wp-json\/wp\/v2\/types\/page"}],"author":[{"embeddable":true,"href":"https:\/\/uceda.org\/es\/wp-json\/wp\/v2\/users\/1"}],"replies":[{"embeddable":true,"href":"https:\/\/uceda.org\/es\/wp-json\/wp\/v2\/comments?post=3270"}],"version-history":[{"count":5,"href":"https:\/\/uceda.org\/es\/wp-json\/wp\/v2\/pages\/3270\/revisions"}],"predecessor-version":[{"id":6532,"href":"https:\/\/uceda.org\/es\/wp-json\/wp\/v2\/pages\/3270\/revisions\/6532"}],"wp:attachment":[{"href":"https:\/\/uceda.org\/es\/wp-json\/wp\/v2\/media?parent=3270"}],"curies":[{"name":"wp","href":"https:\/\/api.w.org\/{rel}","templated":true}]}}